{"id":2440,"date":"2020-06-11T12:00:47","date_gmt":"2020-06-11T16:00:47","guid":{"rendered":"https:\/\/monlove.com\/?page_id=2440"},"modified":"2026-01-16T13:41:49","modified_gmt":"2026-01-16T18:41:49","slug":"company","status":"publish","type":"page","link":"https:\/\/monlove.com\/fr\/company\/","title":{"rendered":"Entreprise"},"content":{"rendered":"<p>\u00c0 propos<\/p>\n\t<p>Fond\u00e9 en 2005, Monlove est un studio prim\u00e9 et un leader mondial dans l'adaptation des marques en productions sc\u00e9niques, exp\u00e9riences immersives, \u00e9v\u00e9nements et m\u00e9dias num\u00e9riques. L\u2019entreprise allie tradition et innovation \u00e0 travers la narration, la musique, la marionnette et des technologies de pointe.<\/p>\n\t\t\t\t<img decoding=\"async\" src=\"https:\/\/monlove.com\/wp\/wp-content\/uploads\/2025\/05\/MONLOVE-Logo-WHITE-PLAIN-2025.png\" alt=\"MONLOVE Logo WHITE PLAIN 2025\" itemprop=\"image\" height=\"1234\" width=\"7721\" title=\"MONLOVE Logo WHITE PLAIN 2025\" onerror=\"this.style.display='none'\" loading=\"lazy\" \/>\n\t<p>21 years of bringing projects from ideation to reality.<\/p>\n\t\t\t<a href=\"https:\/\/monlove.com\/fr\/projects\/\" target=\"_self\">\n\t\t\t\t\t\t\tNOS PROJETS\n\t\t\t\t\t<\/a>\n\t<p>\u00a0Parmi nos clients : NASA, Warner Bros., Disney, Cirque du Soleil, Uber, CBS, NBC, ABC, Peanuts, Delaware North, Stage Entertainment et APM Music.<\/p>\n\t\t\t<a href=\"https:\/\/monlove.com\/fr\/services\/\" target=\"_self\">\n\t\t\t\t\t\t\tNOS SERVICES\n\t\t\t\t\t<\/a>\n\t\t\t\t<img decoding=\"async\" src=\"https:\/\/monlove.com\/wp\/wp-content\/uploads\/2025\/05\/Screenshot-2025-05-17-at-05.33.01-2.png\" alt=\"Screenshot 2025-05-17 at 05.33.01 2\" itemprop=\"image\" height=\"897\" width=\"1500\" title=\"Screenshot 2025-05-17 at 05.33.01 2\" onerror=\"this.style.display='none'\" loading=\"lazy\" \/>\n\t\t\t\t<img decoding=\"async\" src=\"https:\/\/monlove.com\/wp\/wp-content\/uploads\/2025\/05\/Screenshot-2025-05-17-at-05.33.01.png\" alt=\"Screenshot 2025-05-17 at 05.33.01\" itemprop=\"image\" height=\"938\" width=\"1500\" title=\"Screenshot 2025-05-17 at 05.33.01\" onerror=\"this.style.display='none'\" loading=\"lazy\" \/>\n\t<p>From an idea to reality. Explore a world of expertise guided by master artisans who have shaped some of the world&#8217;s most iconic projects.<\/p>\n\t\t\t<a href=\"https:\/\/monlove.com\/fr\/headoffice\/\" target=\"_self\">\n\t\t\t\t\t\t\tRENCONTREZ NOTRE \u00c9QUIPE\n\t\t\t\t\t<\/a>\n\t\t\t\t<img decoding=\"async\" src=\"https:\/\/monlove.com\/wp\/wp-content\/uploads\/2018\/03\/ANY_6750-min.jpg\" alt=\"ANY_6750-min\" itemprop=\"image\" height=\"3000\" width=\"4500\" title=\"ANY_6750-min\" onerror=\"this.style.display='none'\" loading=\"lazy\" \/>\n\t\t\t\t<img decoding=\"async\" src=\"https:\/\/monlove.com\/wp\/wp-content\/uploads\/2018\/04\/IMG_9396.jpg\" alt=\"IMG_9396\" itemprop=\"image\" height=\"1948\" width=\"3264\" title=\"IMG_9396\" onerror=\"this.style.display='none'\" loading=\"lazy\" \/>\n\t\t\t\t<img decoding=\"async\" src=\"https:\/\/monlove.com\/wp\/wp-content\/uploads\/2023\/04\/SLT_Lancaster_Photo-19-scaled.jpg\" alt=\"SLT_Lancaster_Photo-19\" itemprop=\"image\" height=\"1440\" width=\"2560\" title=\"SLT_Lancaster_Photo-19\" onerror=\"this.style.display='none'\" loading=\"lazy\" \/>\n\t<link rel=\"stylesheet\" href=\"https:\/\/cdnjs.cloudflare.com\/ajax\/libs\/font-awesome\/5.15.3\/css\/all.min.css\"\n    integrity=\"sha512-iBBXm8fW90+nuLcSKlbmrPcLa0OT92xO1BIsZ+ywDWZCvqsWgccV3gFoRBv0z+8dLJgyAHIhR35VZc2oM\/gI1w==\"\n    crossorigin=\"anonymous\" \/>\n<link rel=\"stylesheet\" type=\"text\/css\" href=\"\/\/cdn.jsdelivr.net\/npm\/slick-carousel@1.8.1\/slick\/slick.css\" \/>\n<style>\n.timeline .slick-list{\n    margin: 0px 100px!important;\n}\n.slick-prev {\n        margin: 0;\n        position: absolute;\n        top: 50%;\n        transform: translate(0, -50%);\n        z-index: 99;\n        color:  #5d316c;\n    }\n    .slick-next {\n        margin: 0;\n        position: absolute;\n        top: 50%;\n        transform: translate(0, -50%);\n        right: 0;\n        z-index: 99;\n        color:  #5d316c;  \n    }\n     .timeline .fa-arrow-right:before{\n        margin-right: 20px!important;\n    }\n    .timeline .fa-arrow-left:before{\n        margin-left: 20px!important;\n    }\n     .timeline-arrow{\n        color: white;\n    }\n    .timeline-container .slick-slide:not(.slick-current) {   \n    opacity: 0.3;\n}\n .timeline-container .slick-slide.slick-active.slick-current {\n        transform: scale(1.1);\n    }\n    .timeline-container .slick-slide:not(.slick-current) {\n        transform: scale(0.9);\n    }\n     .timeline-image-container {\n        padding: 20px;\n        transition: all 0.5s;\n    }\n    .timeline-image {\n        margin: 0 auto;\n        width: 100%;\n    }\n    .timeline-progress {\n        padding: 1% 13%;\n    }\n    .timeline-progressbar-overlay {\n        position: relative;\n        display: inline-block;\n        width: 100%;       \n        height: 5px;  \n        border: 1px solid lightgray;      \n        background-color: lightgray;\n        border-radius: 500px;\n    }\n    .timeline-progressbar {\n        position: absolute;\n        display: inline-block;\n        width: 0%;\n        background-color:  white;\n        height: 5px;\n        transition: all 0.5s;\n        border-radius: 500px;\n    }\n    .timeline-circle {\n        display: inline-block;\n        right: 0;\n        position: absolute;\n        height: 10px;\n        width: 10px;\n        border-radius: 50%;\n        background-color:  white;\n        top: 50%;\n        transform: translate(0, -50%);\n    }\n    .timeline-year {\n        display: inline-block;\n        right: 0;\n        position: absolute;\n        right: -15px;\n        bottom: 5px;\n        font-size: 20px;\n        color:  white;\n        font-weight: bold;\n    }\n    .timeline-caption {\n        text-align: center;      \n        margin-top: 5px;\n        color:  white;\n        font-size: 20px;\n        font-weight: bold;\n        height: 37px;\n    }\n<\/style>\n            <h2>MONLOVE&#8217;S STORY<\/h2>\n            <h3>UN MESSAGE D\u2019AMOUR ET D\u2019ESPOIR POUR LE MONDE<\/h3>              \n                    <img src='https:\/\/monlove.com\/wp\/wp-content\/uploads\/2021\/06\/2003_ELLA_MON-OR_-2.png'\/>\n                    <img src='https:\/\/monlove.com\/wp\/wp-content\/uploads\/2021\/06\/2004_KA-2.png' \/>\n                    <img src='https:\/\/monlove.com\/wp\/wp-content\/uploads\/2021\/06\/2005_BELLAGIO-2.png' \/>\n                    <img src='https:\/\/monlove.com\/wp\/wp-content\/uploads\/2021\/06\/2006_APM-2.png' \/>\n                    <img src='https:\/\/monlove.com\/wp\/wp-content\/uploads\/2021\/06\/2008_ZED-2.png' \/>\n                    <img src='https:\/\/monlove.com\/wp\/wp-content\/uploads\/2021\/06\/2009_Energia-2.png' \/>\n                    <img src='https:\/\/monlove.com\/wp\/wp-content\/uploads\/2021\/06\/2010_BATC-2.png' \/>\n                    <img src='https:\/\/monlove.com\/wp\/wp-content\/uploads\/2021\/06\/2012_ICE-AGE-LIVE-2.png' \/>\n                    <img src='https:\/\/monlove.com\/wp\/wp-content\/uploads\/2021\/06\/2013_NTQOP_MONTREAL-2.png' \/>\n                    <img src='https:\/\/monlove.com\/wp\/wp-content\/uploads\/2021\/06\/2015_NTQOP-_NYC-2.png' \/>\n                    <img src='https:\/\/monlove.com\/wp\/wp-content\/uploads\/2021\/06\/2017_TNJL-2.png' \/>\n                    <img src='https:\/\/monlove.com\/wp\/wp-content\/uploads\/2021\/06\/2020_Scooby-Doo-2-2.png' \/>\n                    <img src='https:\/\/monlove.com\/wp\/wp-content\/uploads\/2023\/04\/ASAG-SQUARE-2.png' \/>\n\t\t\t\t<a href=\"https:\/\/monlove.com\/fr\/careers\/\"  target=\"_self\" itemprop=\"url\">\n\t\t\t\t<img decoding=\"async\" src=\"https:\/\/monlove.com\/wp\/wp-content\/uploads\/2018\/03\/26116470_1986648238270462_7745116492153360129_o-e1522858517807.jpg\" alt=\"26116470_1986648238270462_7745116492153360129_o\" itemprop=\"image\" height=\"656\" width=\"1750\" title=\"Rejoindre l&#039;\u00e9quipe\" onerror=\"this.style.display='none'\" loading=\"lazy\" \/>\n\t\t\t\t<\/a>","protected":false},"excerpt":{"rendered":"<p>About Founded in 2005, Monlove is an award-winning studio and global leader in transforming brands into captivating stage productions, immersive experiences, corporate events, and digital media, blending tradition with innovation through storytelling, music, puppetry, and groundbreaking technology. 21 years of bringing projects from ideation to reality. OUR PROJECTS \u00a0Clients include NASA, Warner Bros., Disney, Cirque&#8230;<\/p>","protected":false},"author":4,"featured_media":0,"parent":0,"menu_order":0,"comment_status":"closed","ping_status":"closed","template":"full-width-page.php","meta":{"footnotes":""},"class_list":["post-2440","page","type-page","status-publish","hentry"],"aioseo_notices":[],"jetpack_sharing_enabled":true,"_links":{"self":[{"href":"https:\/\/monlove.com\/fr\/wp-json\/wp\/v2\/pages\/2440","targetHints":{"allow":["GET"]}}],"collection":[{"href":"https:\/\/monlove.com\/fr\/wp-json\/wp\/v2\/pages"}],"about":[{"href":"https:\/\/monlove.com\/fr\/wp-json\/wp\/v2\/types\/page"}],"author":[{"embeddable":true,"href":"https:\/\/monlove.com\/fr\/wp-json\/wp\/v2\/users\/4"}],"replies":[{"embeddable":true,"href":"https:\/\/monlove.com\/fr\/wp-json\/wp\/v2\/comments?post=2440"}],"version-history":[{"count":11,"href":"https:\/\/monlove.com\/fr\/wp-json\/wp\/v2\/pages\/2440\/revisions"}],"predecessor-version":[{"id":5172,"href":"https:\/\/monlove.com\/fr\/wp-json\/wp\/v2\/pages\/2440\/revisions\/5172"}],"wp:attachment":[{"href":"https:\/\/monlove.com\/fr\/wp-json\/wp\/v2\/media?parent=2440"}],"curies":[{"name":"wp","href":"https:\/\/api.w.org\/{rel}","templated":true}]}}