{"id":2510,"date":"2020-06-12T00:25:44","date_gmt":"2020-06-12T04:25:44","guid":{"rendered":"https:\/\/monlove.com\/?page_id=2510"},"modified":"2026-01-16T09:34:12","modified_gmt":"2026-01-16T14:34:12","slug":"projects","status":"publish","type":"page","link":"https:\/\/monlove.com\/fr\/projects\/","title":{"rendered":"Projets"},"content":{"rendered":"<p>Travail<\/p>\n\t\t\t\t<a href=\"https:\/\/monlove.com\/fr\/miraculouslive\/\"  target=\"_blank\" rel=\"noopener\"  itemprop=\"url\">\n\t\t\t\t<img decoding=\"async\" src=\"https:\/\/monlove.com\/wp\/wp-content\/uploads\/2026\/01\/Miraculous-ICON.png\" alt=\"Miraculous ICON\" itemprop=\"image\" height=\"1660\" width=\"1250\" title=\"Miraculous ICON\" onerror=\"this.style.display='none'\" loading=\"lazy\" \/>\n\t\t\t\t<\/a>\n\t<p>SPECTACLE DE TOURN\u00c9E<\/p>\n\t<p>Miraculous Live Stage Spectacular!<\/p>\n\t<p>PROJET CL\u00c9 EN MAIN<\/p>\n\t<p>Miraculous: Tales of Ladybug &amp; Cat Noir is going LIVE! in a jaw-dropping, action-packed stage show in 2027.<\/p>\n\t\t\t\t<a href=\"https:\/\/monlove.com\/fr\/scoobylivetour\/\"  target=\"_blank\" rel=\"noopener\"  itemprop=\"url\">\n\t\t\t\t<img decoding=\"async\" src=\"https:\/\/monlove.com\/wp\/wp-content\/uploads\/2025\/05\/SCOOBY.png\" alt=\"SCOOBY\" itemprop=\"image\" height=\"1660\" width=\"1250\" title=\"SCOOBY\" onerror=\"this.style.display='none'\" loading=\"lazy\" \/>\n\t\t\t\t<\/a>\n\t<p>SPECTACLE DE TOURN\u00c9E<\/p>\n\t<p>Scooby-Doo! and The Lost City of Gold<\/p>\n\t<p>PROJET CL\u00c9 EN MAIN<\/p>\n\t<p>Scooby et la Mystery Gang montent sur sc\u00e8ne dans une toute nouvelle com\u00e9die musicale, remplie de myst\u00e8res, de rires et de secrets anciens.<\/p>\n\t\t\t\t<a href=\"https:\/\/monlove.com\/fr\/all-systems-are-go\/\"  target=\"_blank\" rel=\"noopener\"  itemprop=\"url\">\n\t\t\t\t<img decoding=\"async\" src=\"https:\/\/monlove.com\/wp\/wp-content\/uploads\/2025\/05\/ASAG.png\" alt=\"ASAG\" itemprop=\"image\" height=\"1660\" width=\"1250\" title=\"ASAG\" onerror=\"this.style.display='none'\" loading=\"lazy\" \/>\n\t\t\t\t<\/a>\n\t<p>SPECTACLE DE TOURN\u00c9E<\/p>\n\t<p>All Systems Are Go!<\/p>\n\t<p>PROJET CL\u00c9 EN MAIN<\/p>\n\t<p>Snoopy and the Peanuts Gang blast off on an interactive space adventure exploring NASA&#8217;s Artemis Missions in this award-winning immersive educational experience.<\/p>\n\t\t\t\t<a href=\"https:\/\/monlove.com\/fr\/iceagelive\/\"  target=\"_blank\" rel=\"noopener\"  itemprop=\"url\">\n\t\t\t\t<img decoding=\"async\" src=\"https:\/\/monlove.com\/wp\/wp-content\/uploads\/2025\/05\/ICE-AGE-ICON.png\" alt=\"ICE AGE ICON\" itemprop=\"image\" height=\"1660\" width=\"1250\" title=\"ICE AGE ICON\" onerror=\"this.style.display='none'\" loading=\"lazy\" \/>\n\t\t\t\t<\/a>\n\t<p>SPECTACLE DE TOURN\u00c9E<\/p>\n\t<p>Ice Age Live! A Mammoth Adventure<\/p>\n\t<p>CONCEPT ORIGINAL, LIVRET, PAROLES ET MUSIQUES<\/p>\n\t<p>Un spectacle d\u2019ar\u00e9na r\u00e9volutionnaire qui a donn\u00e9 vie aux personnages ador\u00e9s de L\u2019\u00c2ge de glace et a parcouru plus de 50 pays, captivant des millions de spectateurs \u00e0 travers le monde.<\/p>\n\t\t\t\t<img decoding=\"async\" src=\"https:\/\/monlove.com\/wp\/wp-content\/uploads\/2026\/01\/BIRDS-ICON.png\" alt=\"BIRDS ICON\" itemprop=\"image\" height=\"1660\" width=\"1250\" title=\"BIRDS ICON\" onerror=\"this.style.display='none'\" loading=\"lazy\" \/>\n\t<p>ORIGINAL ANIMATION SERIES<\/p>\n\t<p>Bird Alliance<\/p>\n\t<p>PROJET CL\u00c9 EN MAIN<\/p>\n\t<p>When an ancient enemy rises from the shadows to plunge Birdland into eternal night, a misfit band of birds must journey across a broken world to stop the Moth King, awaken forgotten truths, and save the light that unites them all.<\/p>\n\t\t\t\t<a href=\"https:\/\/monlove.com\/fr\/otherside-monlove\/\"  target=\"_blank\" rel=\"noopener\"  itemprop=\"url\">\n\t\t\t\t<img decoding=\"async\" src=\"https:\/\/monlove.com\/wp\/wp-content\/uploads\/2025\/05\/VOP-ICON.png\" alt=\"VOP ICON\" itemprop=\"image\" height=\"1660\" width=\"1250\" title=\"VOP ICON\" onerror=\"this.style.display='none'\" loading=\"lazy\" \/>\n\t\t\t\t<\/a>\n\t<p>S\u00c9RIE T\u00c9L\u00c9VIS\u00c9E ET COM\u00c9DIE MUSICALE<\/p>\n\t<p>Venus of Paris<\/p>\n\t<p>PROJET CL\u00c9 EN MAIN<\/p>\n\t<p>Paris, 1880. Une jeune blanchisseuse brillante d\u00e9fie tous les obstacles pour retrouver son fils et d\u00e9voiler un empire criminel fond\u00e9 sur le silence<\/p>\n\t\t\t\t<img decoding=\"async\" src=\"https:\/\/monlove.com\/wp\/wp-content\/uploads\/2025\/05\/ALEGRIA.png\" alt=\"ALEGRIA\" itemprop=\"image\" height=\"1660\" width=\"1250\" title=\"ALEGRIA\" onerror=\"this.style.display='none'\" loading=\"lazy\" \/>\n\t<p>SPECTACLE DE TOURN\u00c9E<\/p>\n\t<p>ALEGR\u00cdA | Cirque du Soleil<\/p>\n\t<p>SONG: &#8220;RINALTO VERA&#8221;<\/p>\n\t<p>Directed by Franco Dragone, ALEGR\u00cdA is Cirque du Soleil&#8217;s most iconic touring show &#8211; reimagined with powerful music and timeless storytelling.<\/p>\n\t\t\t\t<img decoding=\"async\" src=\"https:\/\/monlove.com\/wp\/wp-content\/uploads\/2025\/05\/KA-ICON.png\" alt=\"KA ICON\" itemprop=\"image\" height=\"1660\" width=\"1250\" title=\"KA ICON\" onerror=\"this.style.display='none'\" loading=\"lazy\" \/>\n\t<p>SPECTACLE EN R\u00c9SIDENCE | MGM LAS VEGAS<\/p>\n\t<p>K\u00c0 | Cirque du Soleil<\/p>\n\t<p>DIRECTION ET PRODUCTION MUSICALE<\/p>\n\t<p>A technical and theatrical masterpiece directed by Robert Lepage, K\u00c0 pushes the boundaries of stagecraft with haunting melodies and epic choral arrangements &#8211; voted Best Score by TIME Magazine.<\/p>\n\t\t\t\t<img decoding=\"async\" src=\"https:\/\/monlove.com\/wp\/wp-content\/uploads\/2025\/05\/MYSTERE-ICON.png\" alt=\"MYSTERE ICON\" itemprop=\"image\" height=\"1660\" width=\"1250\" title=\"MYSTERE ICON\" onerror=\"this.style.display='none'\" loading=\"lazy\" \/>\n\t<p>SPECTACLE EN R\u00c9SIDENCE | TREASURE ISLAND LAS VEGAS<\/p>\n\t<p>MYST\u00c8RE | Cirque du Soleil<\/p>\n\t<p>SONG: &#8220;FIESTA&#8221;<\/p>\n\t<p>Directed by Franco Dragone, Myst\u00e8re blends acrobatics, dance, and imagination in Cirque du Soleil&#8217;s longest-running production &#8211; delighting audiences for over 30 years.<\/p>\n\t\t\t\t<img decoding=\"async\" src=\"https:\/\/monlove.com\/wp\/wp-content\/uploads\/2025\/05\/SALTIMBANCO-ICON.png\" alt=\"SALTIMBANCO ICON\" itemprop=\"image\" height=\"1660\" width=\"1250\" title=\"SALTIMBANCO ICON\" onerror=\"this.style.display='none'\" loading=\"lazy\" \/>\n\t<p>SPECTACLE DE TOURN\u00c9E<\/p>\n\t<p>SALTIMBANCO | Cirque du Soleil<\/p>\n\t<p>PRODUCTION MUSICALE<\/p>\n\t<p>Directed by Franco Dragone, Saltimbanco is a colorful celebration of life that toured globally, becoming one of Cirque du Soleil&#8217;s most beloved shows.<\/p>\n\t\t\t\t<img decoding=\"async\" src=\"https:\/\/monlove.com\/wp\/wp-content\/uploads\/2025\/05\/ZED-ICON.png\" alt=\"ZED ICON\" itemprop=\"image\" height=\"1660\" width=\"1250\" title=\"ZED ICON\" onerror=\"this.style.display='none'\" loading=\"lazy\" \/>\n\t<p>SPECTACLE EN R\u00c9SIDENCE | TOKYO DISNEY<\/p>\n\t<p>ZED | Cirque du Soleil<\/p>\n\t<p>PRODUCTION MUSICALE, COMPOSITION, LANGAGE INVENT\u00c9<\/p>\n\t<p>Mis en sc\u00e8ne par Fran\u00e7ois Girard, ZED \u00e9tait un voyage po\u00e9tique \u00e0 travers le monde des r\u00eaves, cr\u00e9\u00e9 exclusivement pour le Tokyo Disney Resort.<\/p>\n\t\t\t\t<img decoding=\"async\" src=\"https:\/\/monlove.com\/wp\/wp-content\/uploads\/2025\/05\/WORLDS-AWAY-ICON.png\" alt=\"WORLDS AWAY ICON\" itemprop=\"image\" height=\"1660\" width=\"1250\" title=\"WORLDS AWAY ICON\" onerror=\"this.style.display='none'\" loading=\"lazy\" \/>\n\t<p>LONG M\u00c9TRAGE<\/p>\n\t<p>Cirque du Soleil: World&#8217;s Away<\/p>\n\t<p>PRODUCTION MUSICALE, COMPOSITION ADDITIONELLE<\/p>\n\t<p>R\u00e9alis\u00e9 par Andrew Adamson et produit par James Cameron, ce long m\u00e9trage fusionne narration cin\u00e9matographique et performances \u00e9poustouflantes du Cirque venues des quatre coins du monde.<\/p>\n\t\t\t\t<img decoding=\"async\" src=\"https:\/\/monlove.com\/wp\/wp-content\/uploads\/2025\/05\/MASKED-ICON.png\" alt=\"MASKED ICON\" itemprop=\"image\" height=\"1660\" width=\"1250\" title=\"MASKED ICON\" onerror=\"this.style.display='none'\" loading=\"lazy\" \/>\n\t<p>S\u00c9RIE T\u00c9L\u00c9<\/p>\n\t<p>Chanteurs Masqu\u00e9s<\/p>\n\t<p>CONCEPTION ET FABRICATION DE PERSONNAGE<\/p>\n\t<p>Costumes de personnages et marionnettes sur mesure pour l\u2019adaptation qu\u00e9b\u00e9coise de Chanteurs masqu\u00e9s <i>Chanteurs Masqu\u00e9s<\/i>, alliant grand spectacle et myst\u00e8re des c\u00e9l\u00e9brit\u00e9s.<\/p>\n\t\t\t\t<img decoding=\"async\" src=\"https:\/\/monlove.com\/wp\/wp-content\/uploads\/2025\/05\/UBER-ICON.png\" alt=\"UBER ICON\" itemprop=\"image\" height=\"1660\" width=\"1250\" title=\"UBER ICON\" onerror=\"this.style.display='none'\" loading=\"lazy\" \/>\n\t<p>ANNONCE PUBLICITAIRE<\/p>\n\t<p>Uber<\/p>\n\t<p>CONCEPTION ET FABRICATION DE PERSONNAGE<\/p>\n\t<p>Custom-built robot for Uber&#8217;s campaign &#8211; nominated for a 2025 Idea Award for innovation in commercial design.<\/p>\n\t\t\t\t<img decoding=\"async\" src=\"https:\/\/monlove.com\/wp\/wp-content\/uploads\/2025\/05\/FRIES-ICON.png\" alt=\"FRIES ICON\" itemprop=\"image\" height=\"1660\" width=\"1250\" title=\"FRIES ICON\" onerror=\"this.style.display='none'\" loading=\"lazy\" \/>\n\t<p>ANNONCE PUBLICITAIRE<\/p>\n\t<p>McDonald&#8217;s &#8220;Fishing&#8221;: Best Fries on the Planet<\/p>\n\t<p>PRODUCTION MUSICALE, COMPOSITION<\/p>\n\t<p>Original music created for McDonald&#8217;s U.S. national campaign celebrating the iconic fry.<\/p>\n\t\t\t\t<img decoding=\"async\" src=\"https:\/\/monlove.com\/wp\/wp-content\/uploads\/2025\/05\/AVATAR-ICON.png\" alt=\"AVATAR ICON\" itemprop=\"image\" height=\"1660\" width=\"1250\" title=\"AVATAR ICON\" onerror=\"this.style.display='none'\" loading=\"lazy\" \/>\n\t<p>BANDE ANNONCE<\/p>\n\t<p>Avatar<\/p>\n\t<p>PRODUCTION MUSICALE, COMPOSITION<\/p>\n\t<p>R\u00e9alis\u00e9 par James Cameron. Une trame sonore \u00e9pique accompagnant la bande-annonce officielle de ce film r\u00e9volutionnaire.<\/p>\n\t\t\t\t<img decoding=\"async\" src=\"https:\/\/monlove.com\/wp\/wp-content\/uploads\/2025\/05\/SPIDER-ICON.png\" alt=\"SPIDER ICON\" itemprop=\"image\" height=\"1660\" width=\"1250\" title=\"SPIDER ICON\" onerror=\"this.style.display='none'\" loading=\"lazy\" \/>\n\t<p>VIDEO GAME<\/p>\n\t<p>Spider-Man: Shattered Dimensions<\/p>\n\t<p>ADDITIONAL MUSIC<\/p>\n\t<p>Dynamic original score for the hit action game based on the iconic Marvel franchise.<\/p>\n\t\t\t\t<img decoding=\"async\" src=\"https:\/\/monlove.com\/wp\/wp-content\/uploads\/2025\/05\/HUNT-ICON.png\" alt=\"HUNT ICON\" itemprop=\"image\" height=\"1660\" width=\"1250\" title=\"HUNT ICON\" onerror=\"this.style.display='none'\" loading=\"lazy\" \/>\n\t<p>LONG M\u00c9TRAGE<\/p>\n\t<p>The Huntsman: Winter&#8217;s War<\/p>\n\t<p>ADDITIONAL MUSIC<\/p>\n\t<p>Th\u00e8me musical \u00e9pique de style fantasy pour cette aventure grandiose mettant en vedette Charlize Theron, Chris Hemsworth, Emily Blunt et Jessica Chastain.<\/p>\n\t\t\t\t<img decoding=\"async\" src=\"https:\/\/monlove.com\/wp\/wp-content\/uploads\/2025\/05\/JOURNEY-ICON.png\" alt=\"JOURNEY ICON\" itemprop=\"image\" height=\"1660\" width=\"1250\" title=\"JOURNEY ICON\" onerror=\"this.style.display='none'\" loading=\"lazy\" \/>\n\t<p>LONG M\u00c9TRAGE<\/p>\n\t<p>Journey to the Center of the Earth<\/p>\n\t<p>PRODUCTION MUSICALE, COMPOSITION<\/p>\n\t<p>An original score for the thrilling cinematic adaptation of Jules Verne&#8217;s timeless science fiction classic.<\/p>\n\t\t\t\t<img decoding=\"async\" src=\"https:\/\/monlove.com\/wp\/wp-content\/uploads\/2025\/05\/PB-ICON.png\" alt=\"PB ICON\" itemprop=\"image\" height=\"1660\" width=\"1250\" title=\"PB ICON\" onerror=\"this.style.display='none'\" loading=\"lazy\" \/>\n\t<p>LONG M\u00c9TRAGE<\/p>\n\t<p>White Skin\u00a0(<i>La Peau Blanche<\/i>)<\/p>\n\t<p>PRODUCTION MUSICALE, COMPOSITION<\/p>\n\t<p>R\u00e9alis\u00e9 par Daniel Roby. Laur\u00e9at du prix du Meilleur premier long m\u00e9trage aux Genie Awards et du Meilleur nouveau r\u00e9alisateur au TIFF, ce thriller envo\u00fbtant m\u00eale romance et horreur, port\u00e9 par une trame sonore riche et atmosph\u00e9rique.<\/p>\n\t\t\t\t<a href=\"https:\/\/monlove.com\/fr\/nutjoblive\/\"  target=\"_self\" itemprop=\"url\">\n\t\t\t\t<img decoding=\"async\" src=\"https:\/\/monlove.com\/wp\/wp-content\/uploads\/2025\/05\/TNJL-ICON.png\" alt=\"TNJL ICON\" itemprop=\"image\" height=\"1660\" width=\"1250\" title=\"TNJL ICON\" onerror=\"this.style.display='none'\" loading=\"lazy\" \/>\n\t\t\t\t<\/a>\n\t<p>SPECTACLE DE TH\u00c9\u00c2TRE<\/p>\n\t<p>Op\u00e9ration Noisettes et Amis!<\/p>\n\t<p>PROJET CL\u00c9 EN MAIN<\/p>\n\t<p>Rejoignez Solo, Andie et toute la bande dans une com\u00e9die th\u00e9\u00e2trale pleine d\u2019action mettant en vedette l\u2019art de la marionnette, inspir\u00e9e de la franchise d\u2019animation ind\u00e9pendante la plus lucrative de l\u2019histoire.<\/p>\n\t\t\t\t<a href=\"https:\/\/monlove.com\/fr\/looney-tunes\/\"  target=\"_self\" itemprop=\"url\">\n\t\t\t\t<img decoding=\"async\" src=\"https:\/\/monlove.com\/wp\/wp-content\/uploads\/2025\/05\/BUGS-ICON3.png\" alt=\"BUGS ICON3\" itemprop=\"image\" height=\"1660\" width=\"1250\" title=\"BUGS ICON3\" onerror=\"this.style.display='none'\" loading=\"lazy\" \/>\n\t\t\t\t<\/a>\n\t<p>SPECTACLE EN D\u00c9VELOPPEMENT<\/p>\n\t<p>Bugs Bunny Great Big Musical Extravaganza<\/p>\n\t<p>PROJET CL\u00c9 EN MAIN<\/p>\n\t<p>Rejoignez Bugs, Daffy et toute la bande des Looney Tunes dans une com\u00e9die musicale survolt\u00e9e, remplie de rires, de musique et de 100 ans de pur chaos cartoonesque.<\/p>\n\t<p>Autres Oeuvres<\/p>\n\t\t\t\t<img decoding=\"async\" src=\"https:\/\/monlove.com\/wp\/wp-content\/uploads\/2025\/05\/MONLOVE-Logo-WHITE-PLAIN-2025.png\" alt=\"MONLOVE Logo WHITE PLAIN 2025\" itemprop=\"image\" height=\"1234\" width=\"7721\" title=\"MONLOVE Logo WHITE PLAIN 2025\" onerror=\"this.style.display='none'\" loading=\"lazy\" \/>\n\t\t\t<a href=\"https:\/\/monlove.com\/fr\/music\/\" target=\"_self\">\n\t\t\t\t\t\t\t\u00c9COUTEZ NOTRE TRAVAIL\n\t\t\t\t\t<\/a>\n\t\t\t<a href=\"https:\/\/monlove.com\/fr\/video\/\" target=\"_self\">\n\t\t\t\t\t\t\tVOIR NOTRE TRAVAIL\n\t\t\t\t\t<\/a>\n\t<p>Spectacle vivant &amp; Immersif<\/p>\n\t<p><strong>ALL SYSTEMS ARE GO |<\/strong> Exp\u00e9rience \u00e9ducative immersive<\/p>\n<p><strong>SCOOBY-DOO! AND THE LOST CITY OF GOLD\u00a0|<\/strong> \u00a0Spectacle de tourn\u00e9e<\/p>\n<p><strong>BUGS BUNNY GREAT BIG MUSICAL EXTRAVAGANZA |<\/strong> Spectacle de tourn\u00e9e<\/p>\n<p><strong>C SHOW |<\/strong> Atlantis Water World Park, Sanya, China<\/p>\n<p><strong>THE NUT JOB LIVE &amp; FRIENDS |<\/strong> Une com\u00e9die musicale pour toute la famille!<\/p>\n<p><strong>VENUS OF PARIS |<\/strong> com\u00e9die musicale pour Broadway<\/p>\n<p><strong>WINTER OLYMPICS\u00a0|<\/strong> Consultants \u2013 C\u00e9r\u00e9monies de cl\u00f4ture<\/p>\n<p><strong>ICE AGE LIVE! A MAMMOTH ADVENTURE |<\/strong> Spectacle de tourn\u00e9e<\/p>\n<p><strong>Besner&#8217;s MORA |<\/strong> \u00c9v\u00e9nement corporatif international<\/p>\n<p><strong>Holiday On Ice ENERGIA\u00a0|<\/strong> Spectacle de tourn\u00e9e sur glace<\/p>\n<p><strong>Beijing Acrobatic Troupe of China |<\/strong> The Music Box<\/p>\n<p><strong>Cirque du Soleil\u00a0 ZED |<\/strong> Tokyo Disney<\/p>\n<p><strong>Cirque du Soleil K\u00c0 |<\/strong> Las Vegas MGM<\/p>\n<p><strong>Cirque du Soleil ALEGRIA |<\/strong> Spectacle de tourn\u00e9e<\/p>\n<p><strong>Cirque du Soleil SALTIMBANCO |<\/strong> Spectacle de tourn\u00e9e<\/p>\n<p><strong>FINA Open Water Championships |<\/strong> Cirque du Soleil<\/p>\n<p><strong>SADAKO |<\/strong> Th\u00e9\u00e2tre de la Source<\/p>\n<p><strong>LE PETIT PRINCE |<\/strong> Th\u00e9\u00e2tre de la Source<\/p>\n<p><strong>LA MUSIQUE DU TAMANOIR |<\/strong> Th\u00e9\u00e2tre De La Source<\/p>\n<p><strong>TANGO OF MONTREAL |<\/strong> Th\u00e9\u00e2tre de L&#8217;esquisse<\/p>\n<p><strong>LA DAME DU CAP TOURMENTE |<\/strong> Th\u00e9\u00e2tre N\u00f4<\/p>\n<p><strong>CONFITURE, LE DRAGON QUI AIMAIT LES FRUITS<\/strong><\/p>\n\t<p>T\u00e9l\u00e9vision, cin\u00e9ma, bandes-annonces &amp; jeux vid\u00e9o<\/p>\n\t<p><strong>VENUS OF PARIS |<\/strong> S\u00e9rie musicale<\/p>\n<p><strong>SCOOBY-DOO! AND THE LOST CITY OF GOLD |<\/strong> Long m\u00e9trage<\/p>\n<p><strong>THE NORTHWEST PASSAGE |<\/strong> Documentaire long m\u00e9trage<\/p>\n<p><strong>CIRQUE DU SOLEIL WORLDS AWAY |<\/strong> Long m\u00e9trage<\/p>\n<p><strong>CONAN THE BARBERIAN |<\/strong> &#8216;Nibelung&#8217; &#8211; Cue in film<\/p>\n<p><strong>LEGEND OF THE SEEKER |<\/strong> &#8216;Fantastic Journey&#8217; &#8211; Cue in series<\/p>\n<p><strong>CATS &amp; DOGS II |<\/strong> &#8216;Night Mission&#8217; &#8211; Cue in film<\/p>\n<p><strong>SPIDERMAN &#8216;SHATTERED DIMENSIONS&#8217; |<\/strong> Jeu vid\u00e9o<\/p>\n<p><strong>JOURNEY TO THE CENTER OF THE EARTH |<\/strong> Long m\u00e9trage<\/p>\n<p><strong>PLANES |<\/strong> Bande annonce<\/p>\n<p><strong>AVATAR |<\/strong> Bande annonce<\/p>\n<p><strong>WARHAMMER SPACES MARINES |<\/strong> Video Game &#8211; Trailer<\/p>\n<p><strong>THE CLEVELAND SHOW |<\/strong> Bande annonce<\/p>\n<p><strong>SCORPION KING II |<\/strong> Bande annonce<\/p>\n<p><strong>McDONALDS |<\/strong> National Tv ad &#8220;Best Fries&#8221;<\/p>\n<p><strong>NFL FILMS |<\/strong> Bande annonce<\/p>\n<p><strong>GROUPE GABRIEL |<\/strong> Publicit\u00e9s radio<\/p>\n<p><strong>FABRICVILLE |<\/strong> Publicit\u00e9s radio<\/p>\n<p><strong>MITSUBISHI DU GRAND MONTR\u00c9AL |<\/strong> Publicit\u00e9s radio<\/p>\n<p><strong>LA LUNA EN BOTELLA |<\/strong> Production musicale long m\u00e9trage<\/p>\n<p><strong>L&#8217;\u00c9COUTEUR |<\/strong> Court m\u00e9trage<\/p>\n<p><strong>SAFARI &#8211; FIJI |<\/strong> Court m\u00e9trage<\/p>\n<p><strong>WHITE SKIN |<\/strong> Long m\u00e9trage<\/p>\n<p><strong>LIVE TO DANCE |<\/strong> S\u00e9rie t\u00e9l\u00e9<\/p>\n<p><strong>CIRQUE DU SOLEIL RETROSPECT |<\/strong> Ing\u00e9nierie musicale<\/p>\n<p><strong>LA FAMILLE |<\/strong> S\u00e9rie t\u00e9l\u00e9, ing\u00e9nierie musicale<\/p>\n<p><strong>VARIATIONS |<\/strong> S\u00e9rie t\u00e9l\u00e9<\/p>\n<p><strong>WATERSHIP DOWN |<\/strong> Ing\u00e9nierie<\/p>\n<p><strong>NADA |<\/strong> Design sonore, ing\u00e9nierie musicale<\/p>\n<p><strong>JAZZ MUSIC OF THE CENTURY |<\/strong> S\u00e9rie t\u00e9l\u00e9<\/p>\n<p><strong>FORTIER\u00a0 |<\/strong> S\u00e9rie t\u00e9l\u00e9<\/p>\n<p><strong>LA PROMESSE |<\/strong> Court m\u00e9trage<\/p>\n<p><strong>ELYSIAN FIELDS |<\/strong> Design sonore<\/p>\n<p><strong>CLOSE FROM HERE |<\/strong> Design sonore<\/p>\n\t<p>Albums &amp; Bandes Sonores<\/p>\n\t<p><strong>ALL SYSTEMS ARE GO! |<\/strong> Bande sonore<\/p>\n<p><strong>SCOOBY-DOO LIVE! |<\/strong> Bande sonore<\/p>\n<p><strong>THE NUT JOB LIVE! |<\/strong> Bande sonore<\/p>\n<p><strong>L&#8217;\u00c2GE DE GLACE LIVE! |<\/strong> Bande sonore<\/p>\n<p><strong>ICE AGE LIVE! |<\/strong> Bande sonore<\/p>\n<p><strong>Cirque du Soleil ZED |<\/strong> Bande sonore<\/p>\n<p><strong>Holiday on Ice ENERGIA |<\/strong> Bande sonore<\/p>\n<p><strong>DEBORAH CHER |<\/strong> Album<\/p>\n<p><strong>Cirque du Soleil K\u00c0 |<\/strong> Bande sonore<\/p>\n<p><strong>MARCOM\u00c9 RIVER OF SOUL |<\/strong> Album<\/p>\n<p><strong>ELLA MON OR |<\/strong> Album<\/p>\n<p><strong>Cirque du Soleil SALTIMBANCO |<\/strong> Bande sonore<\/p>\n<p><strong>CHANTIER |<\/strong> Album<\/p>\n<p><strong>ROCH VOISINE HIGHER |<\/strong> Album<\/p>\n<p><strong>GINETTE RENO DONNER MA VOIX | <\/strong>Album<\/p>\n<p><strong>MIRANIE MORISETTE | <\/strong>Album<\/p>\n<p><strong>SICARD AUTREMENT | <\/strong>Album<\/p>\n<p><strong>SIMON MARTEL | <\/strong>Album<\/p>\n<p><strong>Holiday on Ice XOTICA |<\/strong> Bande sonore<\/p>\n<p><strong>ELISE VELLE LA BELLE EST DANS TON CAMP | <\/strong>Album<\/p>\n<p><strong>MITSOU | <\/strong>Album<\/p>\n<p><strong>TEN ZEN | <\/strong>Album<\/p>\n<p><strong>FESTIVA | <\/strong>Album<\/p>\n<p><strong>ELLA H\u00c9R\u00c9TIQUE | <\/strong>Album<\/p>\n<p><strong>MUZION | <\/strong>Album<\/p>\n<p><strong>SA\u00dcD ET LES FOUS DU ROY | <\/strong>Album<\/p>\n<p><strong>JANO BERGERON | <\/strong>Album<\/p>\n\t\t\t\t<img decoding=\"async\" src=\"https:\/\/monlove.com\/wp\/wp-content\/uploads\/2025\/05\/TAGPurple_TOPPAGE.png\" alt=\"TAGPurple_TOPPAGE\" itemprop=\"image\" height=\"606\" width=\"7064\" title=\"TAGPurple_TOPPAGE\" onerror=\"this.style.display='none'\" loading=\"lazy\" \/>","protected":false},"excerpt":{"rendered":"<p>Work TOURING SHOW Miraculous Live Stage Spectacular! TURNKEY PROJECT Miraculous: Tales of Ladybug &amp; Cat Noir is going LIVE! in a jaw-dropping, action-packed stage show in 2027. TOURING SHOW Scooby-Doo! and The Lost City of Gold TURNKEY PROJECT Scooby and the Mystery Inc. Gang hit the stage in a fun, all-new live musical full of&#8230;<\/p>","protected":false},"author":4,"featured_media":0,"parent":0,"menu_order":0,"comment_status":"closed","ping_status":"closed","template":"full-width-page.php","meta":{"footnotes":""},"class_list":["post-2510","page","type-page","status-publish","hentry"],"aioseo_notices":[],"jetpack_sharing_enabled":true,"_links":{"self":[{"href":"https:\/\/monlove.com\/fr\/wp-json\/wp\/v2\/pages\/2510","targetHints":{"allow":["GET"]}}],"collection":[{"href":"https:\/\/monlove.com\/fr\/wp-json\/wp\/v2\/pages"}],"about":[{"href":"https:\/\/monlove.com\/fr\/wp-json\/wp\/v2\/types\/page"}],"author":[{"embeddable":true,"href":"https:\/\/monlove.com\/fr\/wp-json\/wp\/v2\/users\/4"}],"replies":[{"embeddable":true,"href":"https:\/\/monlove.com\/fr\/wp-json\/wp\/v2\/comments?post=2510"}],"version-history":[{"count":11,"href":"https:\/\/monlove.com\/fr\/wp-json\/wp\/v2\/pages\/2510\/revisions"}],"predecessor-version":[{"id":5104,"href":"https:\/\/monlove.com\/fr\/wp-json\/wp\/v2\/pages\/2510\/revisions\/5104"}],"wp:attachment":[{"href":"https:\/\/monlove.com\/fr\/wp-json\/wp\/v2\/media?parent=2510"}],"curies":[{"name":"wp","href":"https:\/\/api.w.org\/{rel}","templated":true}]}}