{"id":2571,"date":"2020-06-12T11:43:11","date_gmt":"2020-06-12T15:43:11","guid":{"rendered":"https:\/\/monlove.com\/?page_id=2571"},"modified":"2025-06-12T16:24:20","modified_gmt":"2025-06-12T20:24:20","slug":"services","status":"publish","type":"page","link":"https:\/\/monlove.com\/fr\/services\/","title":{"rendered":"Current Services"},"content":{"rendered":"<style>\n    #scroll-to-top{\n        position: absolute;\n        z-index: 99;\n        left: 50%;\n        bottom: 0px;\n        width: 40px;\n        height: 40px;\n        color: white;\n    }\n    #scroll-to-top.show {\n        display: block;\n    }\n    .top-navigation .nav-menu>.menu-item:after{\n        color: white !important;\n    }   \n    .top-navigation ul li > a{\n        color: white!important;\n    }\n    .top-navigation ul li > a:hover{\n        font-weight: bold!important;\n        border-bottom: 3px solid  #5d316c;\n    }\n    .top-navigation li.current-menu-item.current_page_item a{\n        color: white!important;\n    }\n    .site-logo img{\n        padding-top: 10px;\n    }\n    #site-banner-main {\n        max-width: 99%!important;\n    }\n    \/*#site-banner {*\/\n    \/*    border-bottom: 1px solid white !important;*\/\n    \/*}*\/\n    .content-fixed {\n        padding-top: 0px !important;\n    }\n    #page .site-header{\n        background-color: transparent!important;\n    }\n    .active{\n        background-color: white!important;\n    }\n    .header-upper {\n        display: none!important;\n    }\n    .site-header{\n        background-color: transparent !important;\n    }\n   #video-container {\n        position: relative;\n        width: auto;\n        height: 100vh;\n        overflow: hidden;\n    }\n    #video-container video {\n        position: absolute;\n        height: 100%;\n        object-fit: cover;\n        top: 0;\n        left: 0;\n        width: 100%;\n    }\n<\/style>\n    <video scrolling=\"no\"  muted playsinline autoplay loop>\n        <source src=\"https:\/\/monlove.com\/wp\/wp-content\/uploads\/2025\/03\/SLT_Timelapse_PlaceBell_wLut.mp4\"\/>                \n    <\/video>\n        <a id=\"scroll-to-top\" href=\"#SERVICES\"><\/a>\n\t<p>SERVICES<\/p>\n\t<p>Nous sommes un studio cr\u00e9atif cl\u00e9 en main, offrant des services de production complets, du d\u00e9veloppement de concept \u00e0 la n\u00e9gociation des ententes, jusqu\u2019\u00e0 la livraison et l\u2019ex\u00e9cution \u00e0 grande \u00e9chelle.<\/p>\n\t\t\t<a href=\"https:\/\/monlove.com\/fr\/immersive-experiences\/\" target=\"_self\" rel=\"noopener\">\n\t\t\t\t\t\t\tEXP\u00c9RIENCES IMMERSIVES\n\t\t\t\t\t<\/a>\n\t\t\t<a href=\"https:\/\/monlove.com\/fr\/theatrical-productions\/\" target=\"_self\" rel=\"noopener\">\n\t\t\t\t\t\t\tTHEATRICAL &#038; TOURING \n\t\t\t\t\t<\/a>\n\t\t\t<a href=\"https:\/\/monlove.com\/fr\/puppet-shop\/\" target=\"_self\" rel=\"noopener\">\n\t\t\t\t\t\t\tPUPPETS &#038; CREATURES\n\t\t\t\t\t<\/a>\n\t\t\t<a href=\"https:\/\/monlove.com\/fr\/film-series\/\" target=\"_self\" rel=\"noopener\">\n\t\t\t\t\t\t\tFILMS &#038; SERIES\n\t\t\t\t\t<\/a>\n\t<p>Pourquoi Choisir Monlove ?<\/p>\n\t<p>Nous concevons des voyages \u00e9motionnels qui relient les g\u00e9n\u00e9rations. Forte de la confiance de marques de renomm\u00e9e mondiale telles que NASA, Peanuts, Warner Bros., Scooby-Doo, Looney Tunes, Miral, Disney, L\u2019\u00c2ge de glace et Cirque du Soleil, Monlove est \u00e0 l\u2019avant-garde du divertissement vivant de demain.<\/p>\n\t<p>Let&#8217;s Create Together !!<\/p>\n\t<p>Pr\u00eat \u00e0 donner vie \u00e0 votre histoire ?<\/p>\n\t<p>Contactez-nous <a href=\"mailto:info@monlove.com\">info@monlove.com<\/a><\/p>\n\t<p>From an idea &#8230;<\/p>\n<p>Nous cr\u00e9ons vos r\u00eaves.<\/p>\n<p>&nbsp;<\/p>\n\t\t\t\t<img loading=\"lazy\" decoding=\"async\" src=\"https:\/\/monlove.com\/wp\/wp-content\/uploads\/2023\/05\/Bugs_Bunny.png\" alt=\"Bugs_Bunny\" itemprop=\"image\" height=\"1901\" width=\"722\" title=\"Bugs_Bunny\" onerror=\"this.style.display='none'\"  \/>\n\t<p>\u00a0 \u00a0 \u00a0 D\u00e9veloppement de concept<\/p>\n\t\t\t\t<img loading=\"lazy\" decoding=\"async\" src=\"https:\/\/monlove.com\/wp\/wp-content\/uploads\/2023\/05\/TEST1.png\" alt=\"TEST1\" itemprop=\"image\" height=\"2197\" width=\"3300\" title=\"TEST1\" onerror=\"this.style.display='none'\"  \/>\n\t\t\t\t<img loading=\"lazy\" decoding=\"async\" src=\"https:\/\/monlove.com\/wp\/wp-content\/uploads\/2023\/05\/MMM9652.jpg_c3180524a1O-scaled.jpg\" alt=\"ICE AGE - LIVE \/ Show Preview - 3Cardiff October 20, 2012Photo: Stage Entertainment\/Morris Mac Matzen\" itemprop=\"image\" height=\"1707\" width=\"2560\" title=\"ICE AGE LIVE - Show\" onerror=\"this.style.display='none'\"  \/>\n\t<p>\u00a0 \u00a0 \u00a0 \u00c9criture de sc\u00e9nario<\/p>\n\t\t\t\t<img loading=\"lazy\" decoding=\"async\" src=\"https:\/\/monlove.com\/wp\/wp-content\/uploads\/2023\/05\/SCRIPT.png\" alt=\"SCRIPT\" itemprop=\"image\" height=\"1937\" width=\"2807\" title=\"SCRIPT\" onerror=\"this.style.display='none'\"  \/>\n\t\t\t\t<img loading=\"lazy\" decoding=\"async\" src=\"https:\/\/monlove.com\/wp\/wp-content\/uploads\/2023\/05\/MONLOVE-\u00b0-ABOUT9.png\" alt=\"MONLOVE \u00b0\u00a0ABOUT9\" itemprop=\"image\" height=\"695\" width=\"900\" title=\"MONLOVE \u00b0\u00a0ABOUT9\" onerror=\"this.style.display='none'\"  \/>\n\t<p>\u00a0 \u00a0 \u00a0 Cr\u00e9ation de storyboards<\/p>\n\t\t\t\t<img loading=\"lazy\" decoding=\"async\" src=\"https:\/\/monlove.com\/wp\/wp-content\/uploads\/2023\/05\/Storyboards.png\" alt=\"Storyboards\" itemprop=\"image\" height=\"2337\" width=\"3257\" title=\"Cr\u00e9ation de storyboards\" onerror=\"this.style.display='none'\"  \/>\n\t\t\t\t<img loading=\"lazy\" decoding=\"async\" src=\"https:\/\/monlove.com\/wp\/wp-content\/uploads\/2023\/05\/MONLOVE-\u00b0-ABOUT11.png\" alt=\"MONLOVE \u00b0\u00a0ABOUT11\" itemprop=\"image\" height=\"927\" width=\"1200\" title=\"MONLOVE \u00b0\u00a0ABOUT11\" onerror=\"this.style.display='none'\"  \/>\n\t<p>\u00a0 \u00a0 \u00a0 Musique originale &amp; chansons\u00a0<\/p>\n\t\t\t\t<img loading=\"lazy\" decoding=\"async\" src=\"https:\/\/monlove.com\/wp\/wp-content\/uploads\/2023\/05\/Music.png\" alt=\"Music\" itemprop=\"image\" height=\"1810\" width=\"3084\" title=\"Music\" onerror=\"this.style.display='none'\"  \/>\n\t\t\t\t<img loading=\"lazy\" decoding=\"async\" src=\"https:\/\/monlove.com\/wp\/wp-content\/uploads\/2023\/05\/MONLOVE-\u00b0-ABOUT13.png\" alt=\"MONLOVE \u00b0\u00a0ABOUT13\" itemprop=\"image\" height=\"1159\" width=\"1500\" title=\"MONLOVE \u00b0\u00a0ABOUT13\" onerror=\"this.style.display='none'\"  \/>\n\t<p>\u00a0 \u00a0 \u00a0 Conception de costumes<\/p>\n\t\t\t\t<img loading=\"lazy\" decoding=\"async\" src=\"https:\/\/monlove.com\/wp\/wp-content\/uploads\/2023\/05\/COSTUMES.png\" alt=\"COSTUMES\" itemprop=\"image\" height=\"2353\" width=\"3300\" title=\"COSTUMES\" onerror=\"this.style.display='none'\"  \/>\n\t\t\t\t<img loading=\"lazy\" decoding=\"async\" src=\"https:\/\/monlove.com\/wp\/wp-content\/uploads\/2023\/05\/MONLOVE-\u00b0-ABOUT15.png\" alt=\"MONLOVE \u00b0\u00a0ABOUT15\" itemprop=\"image\" height=\"1159\" width=\"1500\" title=\"MONLOVE \u00b0\u00a0ABOUT15\" onerror=\"this.style.display='none'\"  \/>\n\t<p>\u00a0 \u00a0 \u00a0 Design de personnages<\/p>\n\t\t\t\t<img loading=\"lazy\" decoding=\"async\" src=\"https:\/\/monlove.com\/wp\/wp-content\/uploads\/2023\/05\/character.png\" alt=\"character\" itemprop=\"image\" height=\"2302\" width=\"3269\" title=\"character\" onerror=\"this.style.display='none'\"  \/>\n\t\t\t\t<img loading=\"lazy\" decoding=\"async\" src=\"https:\/\/monlove.com\/wp\/wp-content\/uploads\/2023\/05\/MONLOVE-\u00b0-ABOUT17.png\" alt=\"MONLOVE \u00b0\u00a0ABOUT17\" itemprop=\"image\" height=\"1159\" width=\"1500\" title=\"MONLOVE \u00b0\u00a0ABOUT17\" onerror=\"this.style.display='none'\"  \/>\n\t<p>\u00a0 \u00a0 \u00a0Marionnettes &amp; cr\u00e9atures<\/p>\n\t\t\t\t<img loading=\"lazy\" decoding=\"async\" src=\"https:\/\/monlove.com\/wp\/wp-content\/uploads\/2023\/05\/P1.png\" alt=\"P1\" itemprop=\"image\" height=\"751\" width=\"1200\" title=\"P1\" onerror=\"this.style.display='none'\"  \/>\n\t\t\t\t<img loading=\"lazy\" decoding=\"async\" src=\"https:\/\/monlove.com\/wp\/wp-content\/uploads\/2023\/05\/P2.png\" alt=\"P2\" itemprop=\"image\" height=\"1071\" width=\"1500\" title=\"P2\" onerror=\"this.style.display='none'\"  \/>\n\t<p>\u00a0 \u00a0 \u00a0Video Design &amp; Mapping<\/p>\n\t\t\t\t<img loading=\"lazy\" decoding=\"async\" src=\"https:\/\/monlove.com\/wp\/wp-content\/uploads\/2023\/05\/VIDEO.png\" alt=\"VIDEO\" itemprop=\"image\" height=\"1295\" width=\"1500\" title=\"VID\u00c9O\" onerror=\"this.style.display='none'\"  \/>\n\t\t\t\t<img loading=\"lazy\" decoding=\"async\" src=\"https:\/\/monlove.com\/wp\/wp-content\/uploads\/2023\/05\/MONLOVE-\u00b0-ABOUT21.png\" alt=\"MONLOVE \u00b0\u00a0ABOUT21\" itemprop=\"image\" height=\"1857\" width=\"3293\" title=\"MONLOVE \u00b0\u00a0ABOUT21\" onerror=\"this.style.display='none'\"  \/>\n\t<p><strong>\u00a0 \u00a0 \u00a0Casting<\/strong><\/p>\n\t\t\t\t<img loading=\"lazy\" decoding=\"async\" src=\"https:\/\/monlove.com\/wp\/wp-content\/uploads\/2023\/05\/casting.png\" alt=\"casting\" itemprop=\"image\" height=\"1159\" width=\"1500\" title=\"casting\" onerror=\"this.style.display='none'\"  \/>\n\t\t\t\t<img loading=\"lazy\" decoding=\"async\" src=\"https:\/\/monlove.com\/wp\/wp-content\/uploads\/2023\/05\/MONLOVE-\u00b0-ABOUT25.png\" alt=\"MONLOVE \u00b0\u00a0ABOUT25\" itemprop=\"image\" height=\"1159\" width=\"1500\" title=\"MONLOVE \u00b0\u00a0ABOUT25\" onerror=\"this.style.display='none'\"  \/>\n\t<p>\u00a0 \u00a0 \u00a0R\u00e9p\u00e9titions<\/p>\n\t\t\t\t<img loading=\"lazy\" decoding=\"async\" src=\"https:\/\/monlove.com\/wp\/wp-content\/uploads\/2023\/05\/reh.png\" alt=\"reh\" itemprop=\"image\" height=\"1159\" width=\"1500\" title=\"reh\" onerror=\"this.style.display='none'\"  \/>\n\t\t\t\t<img loading=\"lazy\" decoding=\"async\" src=\"https:\/\/monlove.com\/wp\/wp-content\/uploads\/2023\/05\/MONLOVE-\u00b0-ABOUT27.png\" alt=\"MONLOVE \u00b0\u00a0ABOUT27\" itemprop=\"image\" height=\"1159\" width=\"1500\" title=\"MONLOVE \u00b0\u00a0ABOUT27\" onerror=\"this.style.display='none'\"  \/>\n\t<p>\u00a0 \u00a0 \u00a0Pr\u00e9sentation du spectacle<\/p>\n\t\t\t\t<img loading=\"lazy\" decoding=\"async\" src=\"https:\/\/monlove.com\/wp\/wp-content\/uploads\/2023\/05\/Showtime.png\" alt=\"Showtime\" itemprop=\"image\" height=\"1159\" width=\"1500\" title=\"Pr\u00e9sentation du spectacle\" onerror=\"this.style.display='none'\"  \/>\n\t\t\t\t<img loading=\"lazy\" decoding=\"async\" src=\"https:\/\/monlove.com\/wp\/wp-content\/uploads\/2023\/05\/MONLOVE-\u00b0-ABOUT29.png\" alt=\"MONLOVE \u00b0\u00a0ABOUT29\" itemprop=\"image\" height=\"997\" width=\"1492\" title=\"MONLOVE \u00b0\u00a0ABOUT29\" onerror=\"this.style.display='none'\"  \/>\n\t<p>Vous r\u00eavez grand ? Nous aussi.<\/p>\n\t\t\t<a href=\"mailto:info@monlove.com\" target=\"_self\" rel=\"noopener\">\n\t\t\t\t\t\t\t\u00c9crivez-nous d\u00e8s aujourd\u2019hui.\n\t\t\t\t\t<\/a>\n\t<p>CONTACT<\/p>\n\t<p>Pour toutes questions \u00e9crivez \u00e0 <a href=\"mailto:info@monlove.com\">info@monlove.com<\/a><\/p>","protected":false},"excerpt":{"rendered":"<p>Services We are a turnkey creative studio, offering end-to-end production services, from concept development and deal negotiation to full-scale delivery and execution. IMMERSIVE EXPERIENCES THEATRICAL &#038; TOURING PUPPETS &#038; CREATURES FILMS &#038; SERIES Why Choose Monlove? We design emotional journeys that connect generations. Trusted by world-class brands like NASA, Peanuts, Warner Bros., Scooby-Doo, Looney Tunes,&#8230;<\/p>","protected":false},"author":4,"featured_media":0,"parent":0,"menu_order":0,"comment_status":"closed","ping_status":"closed","template":"full-width-page.php","meta":{"footnotes":""},"class_list":["post-2571","page","type-page","status-publish","hentry"],"aioseo_notices":[],"jetpack_sharing_enabled":true,"_links":{"self":[{"href":"https:\/\/monlove.com\/fr\/wp-json\/wp\/v2\/pages\/2571","targetHints":{"allow":["GET"]}}],"collection":[{"href":"https:\/\/monlove.com\/fr\/wp-json\/wp\/v2\/pages"}],"about":[{"href":"https:\/\/monlove.com\/fr\/wp-json\/wp\/v2\/types\/page"}],"author":[{"embeddable":true,"href":"https:\/\/monlove.com\/fr\/wp-json\/wp\/v2\/users\/4"}],"replies":[{"embeddable":true,"href":"https:\/\/monlove.com\/fr\/wp-json\/wp\/v2\/comments?post=2571"}],"version-history":[{"count":117,"href":"https:\/\/monlove.com\/fr\/wp-json\/wp\/v2\/pages\/2571\/revisions"}],"predecessor-version":[{"id":4934,"href":"https:\/\/monlove.com\/fr\/wp-json\/wp\/v2\/pages\/2571\/revisions\/4934"}],"wp:attachment":[{"href":"https:\/\/monlove.com\/fr\/wp-json\/wp\/v2\/media?parent=2571"}],"curies":[{"name":"wp","href":"https:\/\/api.w.org\/{rel}","templated":true}]}}