{"id":2598,"date":"2020-06-12T12:26:53","date_gmt":"2020-06-12T16:26:53","guid":{"rendered":"https:\/\/monlove.com\/?page_id=2598"},"modified":"2025-05-17T15:07:00","modified_gmt":"2025-05-17T19:07:00","slug":"privacypolicy","status":"publish","type":"page","link":"https:\/\/monlove.com\/fr\/privacypolicy\/","title":{"rendered":"Confidentialit\u00e9"},"content":{"rendered":"<img loading=\"lazy\" decoding=\"async\" src=\"https:\/\/monlove.com\/wp\/wp-content\/uploads\/2020\/06\/MONLOVE-WHITE2018-2.png\" alt=\"MONLOVE WHITE2018 2\" itemprop=\"image\" height=\"519\" width=\"2956\" title=\"MONLOVE WHITE2018 2\" onerror=\"this.style.display='none'\"  \/>\n\t<p>Last Modification: May 17, 2025<\/p>\n<p>Thank you for visiting monlove.com. Monlove Enterprises inc. (which may hereinafter be references as &#8220;MONLOVE&#8221;, &#8220;We&#8221;, &#8220;Us&#8221;, or &#8220;Our&#8221;) respects the privacy of Our customers and the users of Our website. In this &#8220;Privacy Policy&#8221;, We want to provide you with explicit information on how We collect, use, share and retain information whenever you purchase tickets to Our shows, telephone or fax Us inquiries, sign up to receive email notifications from or about Us, visit and provide information in a public forum, visit Our website, or apply for a position.<\/p>\n<p>This document together with the Terms of Use for the website available at www.monlove.com (the &#8220;Website&#8221;) and any other policies or guidelines displayed on the Website is a contract between you (&#8220;You&#8221;) and Us concerning the collection and protection of personal information. By visiting www.monlove.com, You are accepting the practices described in this Privacy Policy.<\/p>\n<p>Veuillez lire attentivement les termes et conditions suivants avant d'utiliser le site Web. En utilisant ou en acc\u00e9dant au site Web, Vous acceptez tous les termes et conditions \u00e9nonc\u00e9s dans cette Politique de confidentialit\u00e9. Cette Politique de confidentialit\u00e9 couvre toutes les informations personnelles que Nous recueillons, utilisons et traitons autrement lorsque Vous interagissez avec le site Web ou avec Nous. Toutes les informations personnelles seront trait\u00e9es conform\u00e9ment \u00e0 la pr\u00e9sente Politique de confidentialit\u00e9 et aux lois applicables, qui peuvent varier en fonction de votre pays de r\u00e9sidence. Si, \u00e0 tout moment, Vous n'acceptez pas ou ne pouvez pas accepter les conditions de cette Politique de confidentialit\u00e9, veuillez cesser d'acc\u00e9der et d'utiliser ce site Web.<\/p>\n<p>We may change this Privacy Policy. We will notify you of any material changes to this Privacy Policy by posting a notice on the Website at www.monlove.com for a reasonable period of time after such changes are made and that this Privacy Policy has been updated. We will also change the &#8220;Last Modified&#8221; date at the top of this Privacy Policy. Where required by applicable law, We will obtain your consent. You should periodically review this Privacy Policy. Use of www.monlove.com by you following such notification and\/or consent constitutes your acceptance of the Privacy Policy as modified.<\/p>\n1.\tRENSEIGNEMENTS PERSONNELS<br \/>\nWhen used in this Privacy Policy, &#8220;Personal Information&#8221; means any information that allows to identify an individual. This may include, for example, your name, contact information, email address, information relating to an account You have created with us, including your identity and the products and services (for instance, show tickets) You have purchased or payment information. It may also include technical information, such as websites visitors&#8217; IP addresses, browsing history on Our Websites and apps, but only when this information can identify You as an individual. Information that is aggregated and cannot be associated with an identifiable individual is not considered to be Personal Information.\n2. USE OF PERSONNAL INFORMATION<br \/>\nVOS RENSEIGNEMENTS PERSONNELS PEUVENT \u00caTRE MIS \u00c0 LA DISPOSITION DE MONLOVE \u00c0 DES TIERS OU \u00c0 DES FOURNISSEURS DE SERVICES POUR R\u00c9ALISER LES FINS POUR LESQUELLES ELLES ONT \u00c9T\u00c9 COLLECT\u00c9ES OU D\u00c9FINIES DANS LA PR\u00c9SENTE POLITIQUE DE CONFIDENTIALIT\u00c9. MONLOVE NE VENDRA, NE LOUERA NI N'\u00c9CHANGE VOS RENSEIGNEMENTS PERSONNELS \u00c0 DES TIERS. MONLOVE UTILISE G\u00c9N\u00c9RALEMENT DES INFORMATIONS PERSONNELLES POUR LES FINS SUIVANTES:<br \/>\na) pour fournir nos produits et services \u00e0 Nos clients, pour \u00e9tablir et administrer leurs comptes et pour r\u00e9pondre \u00e0 leurs demandes;<br \/>\nb) pour authentifier l'identit\u00e9 et pr\u00e9server la confidentialit\u00e9 des personnes qui Nous contactent par t\u00e9l\u00e9phone, par voie \u00e9lectronique ou autrement;<br \/>\nc) \u00e0 des fins de formation interne, d'assurance qualit\u00e9, de gestion des risques, de d\u00e9tection de fraude et de s\u00e9curit\u00e9;<br \/>\nd) pour r\u00e9pondre aux exigences l\u00e9gales et r\u00e9glementaires;<br \/>\ne) comprendre et \u00e9valuer les int\u00e9r\u00eats, les d\u00e9sirs et les besoins changeants des clients en vue de fournir des produits et services personnalis\u00e9s, d'am\u00e9liorer Nos produits et services et d'en d\u00e9velopper de nouveaux;<br \/>\nf) sous r\u00e9serve de votre droit de retirer votre consentement pr\u00e9vu dans la pr\u00e9sente Politique de confidentialit\u00e9: (i) pour communiquer avec Vous dans le but de Vous fournir des messages publicitaires et marketing relatifs \u00e0 des produits ou services suppl\u00e9mentaires susceptibles de Vous int\u00e9resser; et (ii) pour mener des enqu\u00eates sur la qualit\u00e9 de Nos produits, services ou le service \u00e0 la client\u00e8le;<br \/>\ng) Analyze and process your application for a possible job opportunity.\n3. TRACKING AND COOKIES<br \/>\nWe use cookies and similar tracking technologies to track the activity on Our Website and hold certain information. Cookies are files with small amount of data which may include an anonymous unique identifier. Cookies are sent to your browser from a website and stored on your device. Tracking technologies also used are beacons, tags, and scripts to collect and track information and to improve and analyze Our services. You can instruct your browser to refuse all cookies or to indicate when a cookie is being sent.\n4. WITHDRAWING CONSENT<br \/>\nMONLOVE vous offre le droit de retirer vos Renseignements personnels comme bon Vous semble. Le droit \u00e0 ce retrait s'\u00e9tend aux droits des internautes de refuser que leurs Renseignements Personnelles soient utilis\u00e9s \u00e0 certaines fins.\n<p>Pour exercer ce droit, veuillez contacter MONLOVE par courriel \u00e0 vieprivee@monlove.com.<\/p>\n5.\tENFANTS<br \/>\nWe do not knowingly collect Personal Information from children under 13 years of age without the consent of a legal guardian. To purchase Our products and services, We must obtain the consent of your parent or legal guardian if You are under the age of majority and such consent is a requirement in the jurisdiction of your residence. If We learn we have collected or received Personal Information from a child where parental confirmation was required, We will delete that information. If You believe We might have any information from or about a child where We should have obtained parental consent, please contact Us by email at privacy@monlove.com.\n6. THIRD PARTY LINKS ON THIS WEBSITE<br \/>\nThis Website may contain links to third party websites. We assume no responsibility for the accuracy or pertinence of the information or links provided on these websites, and the links provided do not constitute a recommendation to purchase products or services. If You choose to access any third-party website through this Website, You do so at your own risk. During your use of third-party websites via these links, You agree to acquaint yourself with their policies. These policies may differ from this Privacy Policy and the Terms of Use of the Website. In no event shall We be held responsible for the management, the protection and the use of Personal Information collected by third party websites.\n7. SECURITY OF PERSONAL INFORMATION<br \/>\nWe will use reasonable security measures to protect your Personal Information against unauthorized access. We have implemented security measures that contain administrative, technical and physical controls that are designed to safeguard your Personal Information.\n8. RETENTION PERIOD<br \/>\nNous ne conserverons vos Renseignements personnels que le temps n\u00e9cessaire \u00e0 la r\u00e9alisation des objectifs d\u00e9crits dans la pr\u00e9sente Politique de confidentialit\u00e9 ou pendant une p\u00e9riode plus longue si cela est requis ou autoris\u00e9 par les lois applicables.\n<p>Nous pouvons conserver vos Renseignements personnels pendant une p\u00e9riode suppl\u00e9mentaire dans des bases de donn\u00e9es d'archives, y compris pendant la dur\u00e9e des lois sur la prescription applicables afin de pouvoir exercer Nos droits et \/ ou Nous d\u00e9fendre en cas de r\u00e9clamations l\u00e9gales.<\/p>\n9.\tACC\u00c8S ET RECTIFICATION<br \/>\nMONLOVE commits to recognizing Your right to access and rectification. If You wish to consult, modify or remove Personal Information concerning them, contact Us by email at: privacy@monlove.com\n10. CONTACT US<br \/>\nIf You have questions, concerns or complaints regarding this Privacy Policy, please contact Us at: privacy@monlove.com\n11. GOVERNING LAW AND JURISDICTION<br \/>\nThis Privacy Policy shall be governed by and construed by the laws of the Province of Quebec, Canada. You hereby irrevocably submit and attorn to the jurisdiction of the Courts of the district of Montreal, Province of Quebec. You agree that any definitive judgment rendered in any action, suit or proceeding is legally binding and may be executed in other jurisdictions by any means stipulated by law.\n12. DISCLAIMER<br \/>\nDISCLAIMER OF WARRANTIES. VISITORS ACKNOWLEDGE AND AGREE THAT THEIR USE OF THE WEBSITE IS AT THEIR SOLE RISK. MONLOVE MAKES NO GUARANTY AS TO THE ACCURACY, CORRECTNESS OR COMPLETENESS OF: (I) ANY CONTENT (INCLUDING WITHOUT LIMITATION PRODUCT DESCRIPTIONS AND\/OR PRICING) APPEARING ON THE WEBSITE, AND IS NOT RESPONSIBLE FOR ANY ERRORS OR OMISSIONS ARISING FROM THE USE OF ANY CONTENT THEREOF; (II) ANY FAILURES, DELAYS OR INTERRUPTIONS WITH RESPECT TO THE ORDERING OF AND DELIVERY OF PRODUCTS ORDERED BY YOU; (III) LOSSES OR DAMAGES ARISING FROM THE USE OF CONTENT APPEARING ON THE WEBSITE; (IV) ANY CONDUCT BY VISITORS; OR (V) ANY PRODUCTS PROVIDED THROUGH OR IN CONJUNCTION WITH THE WEBSITE. ALL PRODUCTS ORDERED THROUGH THE WEBSITE ARE ACQUIRED BY YOU &#8220;AS IS&#8221; AND &#8220;WHERE IS&#8221;. EXCEPT AS EXPRESSLY PROVIDED HEREIN, MONLOVE MAKES NO REPRESENTATION OR WARRANTY OF ANY KIND TO YOU, EITHER EXPRESS OR IMPLIED. SPECIFICALLY, MONLOVE DISCLAIMS ANY IMPLIED WARRANTIES OF TITLE, NON-INFRINGEMENT, MERCHANTABILITY, AND FITNESS FOR A PARTICULAR PURPOSE. LIMITATION OF LIABILITY. IN NO EVENT SHALL MONLOVE BE LIABLE FOR INDIRECT, INCIDENTAL, SPECIAL, CONSEQUENTIAL OR PUNITIVE DAMAGES, ARISING OUT OF OR IN CONNECTION WITH YOUR USE OF THE WEBSITE OR ANY PRODUCTS ACQUIRED THROUGH THE WEBSITE, INCLUDING WITHOUT LIMITATION FOR LOST PROFITS OR BUSINESS, OR ANTICIPATED LOST PROFITS OR BUSINESS, EVEN IF ADVISED OF THE POSSIBILITY OF SUCH DAMAGES.","protected":false},"excerpt":{"rendered":"<p>Last Modification: May 17, 2025 Thank you for visiting monlove.com. Monlove Enterprises inc. (which may hereinafter be references as &#8220;MONLOVE&#8221;, &#8220;We&#8221;, &#8220;Us&#8221;, or &#8220;Our&#8221;) respects the privacy of Our customers and the users of Our website. In this &#8220;Privacy Policy&#8221;, We want to provide you with explicit information on how We collect, use, share and&#8230;<\/p>","protected":false},"author":4,"featured_media":0,"parent":0,"menu_order":0,"comment_status":"closed","ping_status":"closed","template":"full-width-page.php","meta":{"footnotes":""},"class_list":["post-2598","page","type-page","status-publish","hentry"],"aioseo_notices":[],"jetpack_sharing_enabled":true,"_links":{"self":[{"href":"https:\/\/monlove.com\/fr\/wp-json\/wp\/v2\/pages\/2598","targetHints":{"allow":["GET"]}}],"collection":[{"href":"https:\/\/monlove.com\/fr\/wp-json\/wp\/v2\/pages"}],"about":[{"href":"https:\/\/monlove.com\/fr\/wp-json\/wp\/v2\/types\/page"}],"author":[{"embeddable":true,"href":"https:\/\/monlove.com\/fr\/wp-json\/wp\/v2\/users\/4"}],"replies":[{"embeddable":true,"href":"https:\/\/monlove.com\/fr\/wp-json\/wp\/v2\/comments?post=2598"}],"version-history":[{"count":23,"href":"https:\/\/monlove.com\/fr\/wp-json\/wp\/v2\/pages\/2598\/revisions"}],"predecessor-version":[{"id":4929,"href":"https:\/\/monlove.com\/fr\/wp-json\/wp\/v2\/pages\/2598\/revisions\/4929"}],"wp:attachment":[{"href":"https:\/\/monlove.com\/fr\/wp-json\/wp\/v2\/media?parent=2598"}],"curies":[{"name":"wp","href":"https:\/\/api.w.org\/{rel}","templated":true}]}}