{"id":2621,"date":"2020-06-12T13:15:53","date_gmt":"2020-06-12T17:15:53","guid":{"rendered":"https:\/\/monlove.com\/?page_id=2621"},"modified":"2025-05-10T08:16:51","modified_gmt":"2025-05-10T12:16:51","slug":"nut-job-live-news","status":"publish","type":"page","link":"https:\/\/monlove.com\/fr\/nut-job-live-news\/","title":{"rendered":"The Nut Job Live Newsroom"},"content":{"rendered":"<a href=\"https:\/\/monlove.com\/fr\/nutjoblive\/\" target=\"_self\" itemprop=\"url\" rel=\"noopener\">\n\t\t\t\t<img loading=\"lazy\" decoding=\"async\" src=\"https:\/\/monlove.com\/wp\/wp-content\/uploads\/2020\/07\/Logo-for-slate.png\" alt=\"logo\" itemprop=\"image\" height=\"591\" width=\"591\" title=\"logo\" onerror=\"this.style.display='none'\"  \/>\n\t\t\t\t<\/a>\n\t\t\t\t<img decoding=\"async\" src=\"https:\/\/monlove.com\/wp\/wp-content\/plugins\/beaver-builder-lite-version\/img\/pixel.png\" alt=\"\" itemprop=\"image\" onerror=\"this.style.display='none'\"  \/>\n\t\t\t\t<a href=\"https:\/\/monlove.com\/fr\/broadway-world-tnjl\/\" target=\"_self\" itemprop=\"url\" rel=\"noopener\">\n\t\t\t\t<img loading=\"lazy\" decoding=\"async\" src=\"https:\/\/monlove.com\/wp\/wp-content\/uploads\/2018\/03\/ANY_6750-min.jpg\" alt=\"ANY_6750-min\" itemprop=\"image\" height=\"3000\" width=\"4500\" title=\"ANY_6750-min\" onerror=\"this.style.display='none'\"  \/>\n\t\t\t\t<\/a>\n\t\t\t\t<a href=\"https:\/\/monlove.com\/fr\/broadway-world-tnjl\/\" target=\"_self\" itemprop=\"url\" rel=\"noopener\">\n\t\t\t\t<img loading=\"lazy\" decoding=\"async\" src=\"https:\/\/monlove.com\/wp\/wp-content\/uploads\/2018\/05\/broadway-world-300x183.png\" alt=\"broadway-world-300x183\" itemprop=\"image\" height=\"183\" width=\"300\" title=\"broadway-world-300x183\" onerror=\"this.style.display='none'\"  \/>\n\t\t\t\t<\/a>\n\t<link rel='stylesheet' id='heading-font-css'  href='https:\/\/fonts.googleapis.com\/css?family=Open Sans:700' type='text\/css' media='all' \/>\n\t\t<h2>THE NUT JOB LIVE &#038; FRIENDS! to Have World Premiere in Montreal<\/h2>\n\t\t<h2>November 30th, 2017<\/h2>\n\t<p>Global performing arts Production Company Monlove joins forces with Redrover, the South Korean animation film creator to present the world premiere of The Nut Job Live &amp; Friends!, an original live entertainment spectacular featuring 22 artists on stage, where the global animation film sensation The Nut Job meets some of the creative masterminds behind Cirque du Soleil.<\/p>\n\t\t\t\t<a href=\"https:\/\/monlove.com\/fr\/sors-tu-tnjl\/\" target=\"_self\" itemprop=\"url\" rel=\"noopener\">\n\t\t\t\t<img loading=\"lazy\" decoding=\"async\" src=\"https:\/\/monlove.com\/wp\/wp-content\/uploads\/2018\/03\/Screen-Shot-2018-03-22-at-1.39.50-PM-min-1.png\" alt=\"Screen Shot 2018-03-22 at 1.39.50 PM-min\" itemprop=\"image\" height=\"996\" width=\"1574\" title=\"Screen Shot 2018-03-22 at 1.39.50 PM-min\" onerror=\"this.style.display='none'\"  \/>\n\t\t\t\t<\/a>\n\t\t\t\t<a href=\"https:\/\/monlove.com\/fr\/sors-tu-tnjl\/\" target=\"_self\" itemprop=\"url\" rel=\"noopener\">\n\t\t\t\t<img loading=\"lazy\" decoding=\"async\" src=\"https:\/\/monlove.com\/wp\/wp-content\/uploads\/2018\/03\/logo-sorstu-blanc-min.png\" alt=\"logo-sorstu-blanc-min\" itemprop=\"image\" height=\"161\" width=\"261\" title=\"logo-sorstu-blanc-min\" onerror=\"this.style.display='none'\"  \/>\n\t\t\t\t<\/a>\n\t<link rel='stylesheet' id='heading-font-css'  href='https:\/\/fonts.googleapis.com\/css?family=Open Sans:700' type='text\/css' media='all' \/>\n\t\t<h2>OP\u00c9RATION NOISETTES &#038; AMIS<\/h2>\n\t\t<h2>Novembre 2017<\/h2>\n\t<p>Une brochette impressionnante de cr\u00e9ateurs qu\u00e9b\u00e9cois ont mis la main \u00e0 la p\u00e2te de cette production pilot\u00e9e par MONLOVE afin de rendre l&#8217;exp\u00e9rience encore plus extraordinaire pour toute la famille.<\/p>\n\t\t\t\t<a href=\"https:\/\/monlove.com\/fr\/journal-de-mtl-tnjl\/\" target=\"_self\" itemprop=\"url\" rel=\"noopener\">\n\t\t\t\t<img loading=\"lazy\" decoding=\"async\" src=\"https:\/\/monlove.com\/wp\/wp-content\/uploads\/2020\/06\/NutJobLiveMontreal1000-2-768x432-1.png\" alt=\"NutJobLiveMontreal1000-2-768x432-1\" itemprop=\"image\" height=\"432\" width=\"768\" title=\"NutJobLiveMontreal1000-2-768x432-1\" onerror=\"this.style.display='none'\"  \/>\n\t\t\t\t<\/a>\n\t\t\t\t<a href=\"https:\/\/monlove.com\/fr\/journal-de-mtl-tnjl\/\" target=\"_self\" itemprop=\"url\" rel=\"noopener\">\n\t\t\t\t<img loading=\"lazy\" decoding=\"async\" src=\"https:\/\/monlove.com\/wp\/wp-content\/uploads\/2018\/03\/138e3159-2fe0-4124-9fbc-9b592c977756_logo_jdm_lrg-min.png\" alt=\"138e3159-2fe0-4124-9fbc-9b592c977756_logo_jdm_lrg-min\" itemprop=\"image\" height=\"258\" width=\"508\" title=\"138e3159-2fe0-4124-9fbc-9b592c977756_logo_jdm_lrg-min\" onerror=\"this.style.display='none'\"  \/>\n\t\t\t\t<\/a>\n\t<link rel='stylesheet' id='heading-font-css'  href='https:\/\/fonts.googleapis.com\/css?family=Open Sans:700' type='text\/css' media='all' \/>\n\t\t<h2>Du cin\u00e9ma \u00e0 la sc\u00e8ne<\/h2>\n\t\t<h2>October 21st, 2017<\/h2>\n\t<p>Au menu : un spectacle haut en couleur comprenant une douzaine de chansons originales, toutes cr\u00e9\u00e9es par Monlove. Quant \u00e0 l&#8217;univers d&#8217;Op\u00e9ration noisettes, il prendra vie gr\u00e2ce \u00e0 des projections et des marionnettes hyperr\u00e9alistes, enti\u00e8rement con\u00e7ues \u00e0 Montr\u00e9al. Sur sc\u00e8ne, 22 personnes veilleront \u00e0 ce que la magie op\u00e8re, au sein du public.<\/p>\n\t\t\t\t<a href=\"https:\/\/www.cartoonbrew.com\/feature-film\/nut-job-turned-live-stage-show-will-tour-100-countries-142114.html\" target=\"_self\" itemprop=\"url\" rel=\"noopener\">\n\t\t\t\t<img loading=\"lazy\" decoding=\"async\" src=\"https:\/\/monlove.com\/wp\/wp-content\/uploads\/2020\/06\/nutjob_live-1280x600-1.jpg\" alt=\"nutjob_live-1280x600-1\" itemprop=\"image\" height=\"600\" width=\"1280\" title=\"nutjob_live-1280x600-1\" onerror=\"this.style.display='none'\"  \/>\n\t\t\t\t<\/a>\n\t\t\t\t<a href=\"https:\/\/www.cartoonbrew.com\/feature-film\/nut-job-turned-live-stage-show-will-tour-100-countries-142114.html\" target=\"_self\" itemprop=\"url\" rel=\"noopener\">\n\t\t\t\t<img loading=\"lazy\" decoding=\"async\" src=\"https:\/\/monlove.com\/wp\/wp-content\/uploads\/2020\/06\/logo_cb.png\" alt=\"logo_cb\" itemprop=\"image\" height=\"202\" width=\"700\" title=\"logo_cb\" onerror=\"this.style.display='none'\"  \/>\n\t\t\t\t<\/a>\n\t<link rel='stylesheet' id='heading-font-css'  href='https:\/\/fonts.googleapis.com\/css?family=Open Sans:700' type='text\/css' media='all' \/>\n\t\t<h2>&#8216;The Nut Job&#8217; Is Being Turned Into A Live Stage Show, Will Tour 100 Countries<\/h2>\n\t\t<h2>August 4th, 2016<\/h2>\n\t<p>The producers of the animated franchise The Nut Job are bringing the concept to stage with a &#8220;completely original live entertainment spectacular&#8221; made in partnership with some of the creators behind Cirque du Soleil. <\/p>\n\t\t\t\t<a href=\"https:\/\/www.facebook.com\/pg\/thenutjoblive\/reviews\/\" target=\"_self\" itemprop=\"url\" rel=\"noopener\">\n\t\t\t\t<img loading=\"lazy\" decoding=\"async\" src=\"https:\/\/monlove.com\/wp\/wp-content\/uploads\/2020\/06\/ANY_6775-scaled-1.jpg\" alt=\"ANY_6775-scaled\" itemprop=\"image\" height=\"1707\" width=\"2560\" title=\"ANY_6775-scaled\" onerror=\"this.style.display='none'\"  \/>\n\t\t\t\t<\/a>\n\t\t\t\t<a href=\"https:\/\/www.facebook.com\/pg\/thenutjoblive\/reviews\/\" target=\"_self\" itemprop=\"url\" rel=\"noopener\">\n\t\t\t\t<img loading=\"lazy\" decoding=\"async\" src=\"https:\/\/monlove.com\/wp\/wp-content\/uploads\/2020\/06\/facebook-written-logo.png\" alt=\"facebook written logo\" itemprop=\"image\" height=\"2000\" width=\"3000\" title=\"facebook written logo\" onerror=\"this.style.display='none'\"  \/>\n\t\t\t\t<\/a>\n\t<link rel='stylesheet' id='heading-font-css'  href='https:\/\/fonts.googleapis.com\/css?family=Open Sans:700' type='text\/css' media='all' \/>\n\t\t<h2>5 Stars!<\/h2>\n\t<p>&#8220;The Nut Job Live is an amazing show for the whole family! We loved it from the start to the end. Kids often don&#8217;t even think that there are real people behind their favourite animated characters, and in this show these people, with amazing voices and energy, were on the stage with puppets and they were creating a unique feeling of completeness by their presence. We absolutely enjoyed the dancing, the magic, the mix of animation and real live action, and of course monkeys and their acrobatics. I was also impressed by the quality of the costumes and how they were controlled, especially with several people behind one puppet, and how actors were moving and dancing in them. My kids loved the show so much that they didn&#8217;t want to leave their seats during the intermission being afraid that they can miss something, and they were talking about the show all the evening. I want to thank the talented team who made this show real and to wish them to always have full house on their performances.&#8221;<\/p>","protected":false},"excerpt":{"rendered":"<p>THE NUT JOB LIVE &#038; FRIENDS! to Have World Premiere in Montreal November 30th, 2017 Global performing arts Production Company Monlove joins forces with Redrover, the South Korean animation film creator to present the world premiere of The Nut Job Live &amp; Friends!, an original live entertainment spectacular featuring 22 artists on stage, where the&#8230;<\/p>","protected":false},"author":4,"featured_media":0,"parent":0,"menu_order":0,"comment_status":"closed","ping_status":"closed","template":"full-width-page.php","meta":{"footnotes":""},"class_list":["post-2621","page","type-page","status-publish","hentry"],"aioseo_notices":[],"jetpack_sharing_enabled":true,"_links":{"self":[{"href":"https:\/\/monlove.com\/fr\/wp-json\/wp\/v2\/pages\/2621","targetHints":{"allow":["GET"]}}],"collection":[{"href":"https:\/\/monlove.com\/fr\/wp-json\/wp\/v2\/pages"}],"about":[{"href":"https:\/\/monlove.com\/fr\/wp-json\/wp\/v2\/types\/page"}],"author":[{"embeddable":true,"href":"https:\/\/monlove.com\/fr\/wp-json\/wp\/v2\/users\/4"}],"replies":[{"embeddable":true,"href":"https:\/\/monlove.com\/fr\/wp-json\/wp\/v2\/comments?post=2621"}],"version-history":[{"count":8,"href":"https:\/\/monlove.com\/fr\/wp-json\/wp\/v2\/pages\/2621\/revisions"}],"predecessor-version":[{"id":4589,"href":"https:\/\/monlove.com\/fr\/wp-json\/wp\/v2\/pages\/2621\/revisions\/4589"}],"wp:attachment":[{"href":"https:\/\/monlove.com\/fr\/wp-json\/wp\/v2\/media?parent=2621"}],"curies":[{"name":"wp","href":"https:\/\/api.w.org\/{rel}","templated":true}]}}