{"id":2631,"date":"2020-06-12T13:30:57","date_gmt":"2020-06-12T17:30:57","guid":{"rendered":"https:\/\/monlove.com\/?page_id=2631"},"modified":"2025-05-10T08:03:11","modified_gmt":"2025-05-10T12:03:11","slug":"ice-age-live-news","status":"publish","type":"page","link":"https:\/\/monlove.com\/fr\/ice-age-live-news\/","title":{"rendered":"Ice Age Live Newsroom"},"content":{"rendered":"<a href=\"https:\/\/monlove.com\/fr\/iceagelive\/\" target=\"_self\" itemprop=\"url\" rel=\"noopener\">\n\t\t\t\t<img loading=\"lazy\" decoding=\"async\" src=\"https:\/\/monlove.com\/wp\/wp-content\/uploads\/2020\/06\/blog_ice_age_live.jpg\" alt=\"blog_ice_age_live\" itemprop=\"image\" height=\"460\" width=\"460\" title=\"blog_ice_age_live\" onerror=\"this.style.display='none'\"  \/>\n\t\t\t\t<\/a>\n\t\t\t\t<img decoding=\"async\" src=\"https:\/\/monlove.com\/wp\/wp-content\/plugins\/beaver-builder-lite-version\/img\/pixel.png\" alt=\"\" itemprop=\"image\" onerror=\"this.style.display='none'\"  \/>\n\t\t\t\t<a href=\"https:\/\/monlove.com\/fr\/bloomberg\/\" target=\"_self\" itemprop=\"url\" rel=\"noopener\">\n\t\t\t\t<img loading=\"lazy\" decoding=\"async\" src=\"https:\/\/monlove.com\/wp\/wp-content\/uploads\/2016\/06\/MUM6.jpg\" alt=\"ICE AGE\u2122 Characters - Twentieth Century Fox Film Corporation. All rights reserved.\" itemprop=\"image\" height=\"926\" width=\"1392\" title=\"MUM6\" onerror=\"this.style.display='none'\"  \/>\n\t\t\t\t<\/a>\n\t\t\t\t<a href=\"https:\/\/monlove.com\/fr\/bloomberg\/\" target=\"_self\" itemprop=\"url\" rel=\"noopener\">\n\t\t\t\t<img loading=\"lazy\" decoding=\"async\" src=\"https:\/\/monlove.com\/wp\/wp-content\/uploads\/2018\/03\/Bloomberg_logo-1.png\" alt=\"Bloomberg_logo\" itemprop=\"image\" height=\"74\" width=\"300\" title=\"Bloomberg_logo\" onerror=\"this.style.display='none'\"  \/>\n\t\t\t\t<\/a>\n\t<link rel='stylesheet' id='heading-font-css'  href='https:\/\/fonts.googleapis.com\/css?family=Open Sans:700' type='text\/css' media='all' \/>\n\t\t<h2>From Animation to Ice &#8211; Ice Age Live!<\/h2>\n\t\t<h2>April 9th, 2013<\/h2>\n\t<p>Turning a movie into a live production can seem an impossible task, especially when the protagonists are woolly mammoths. Then imagine the logistics of adding a dozen or so musical numbers, and, as a coup de grace, staging it on ice. That&#8217;s precisely what Ella Louise Allaire and Martin Lord Ferguson, the story and musical directors\/composers, did with &#8220;Ice Age Live! A Mammoth Adventure.&#8221;<\/p>\n\t\t\t\t<a href=\"https:\/\/monlove.com\/fr\/ice-age-live-telegraph\/\" target=\"_self\" itemprop=\"url\" rel=\"noopener\">\n\t\t\t\t<img loading=\"lazy\" decoding=\"async\" src=\"https:\/\/monlove.com\/wp\/wp-content\/uploads\/2020\/06\/Ice-Age.jpg\" alt=\"Ice Age\" itemprop=\"image\" height=\"1200\" width=\"1800\" title=\"Ice Age\" onerror=\"this.style.display='none'\"  \/>\n\t\t\t\t<\/a>\n\t\t\t\t<a href=\"https:\/\/monlove.com\/fr\/ice-age-live-telegraph\/\" target=\"_self\" itemprop=\"url\" rel=\"noopener\">\n\t\t\t\t<img loading=\"lazy\" decoding=\"async\" src=\"https:\/\/monlove.com\/wp\/wp-content\/uploads\/2020\/06\/3820da2df4ef23d5eaca12fad4a25ecb-1.jpg\" alt=\"3820da2df4ef23d5eaca12fad4a25ecb\" itemprop=\"image\" height=\"477\" width=\"750\" title=\"3820da2df4ef23d5eaca12fad4a25ecb\" onerror=\"this.style.display='none'\"  \/>\n\t\t\t\t<\/a>\n\t<link rel='stylesheet' id='heading-font-css'  href='https:\/\/fonts.googleapis.com\/css?family=Open Sans:700' type='text\/css' media='all' \/>\n\t\t<h2>Ice Age Live! &#8211; Wembley set to freeze over<\/h2>\n\t\t<h2>October 31st, 2012<\/h2>\n\t<p>Ice Age Live!, which ends a series of UK dates at Wembley Arena this week before embarking on a five-year international tour, is a spectacular, multimedia mash-up of puppetry, ice skating, &#8220;uplifting pop-rock songs&#8221;, circus acts and dance numbers, performed by a cast of 42 and set to a score recorded by a 100-strong orchestra at Abbey Road.<\/p>\n\t\t\t\t<a href=\"https:\/\/monlove.com\/fr\/hollywood-reporter-ice-age\/\" target=\"_self\" itemprop=\"url\" rel=\"noopener\">\n\t\t\t\t<img loading=\"lazy\" decoding=\"async\" src=\"https:\/\/monlove.com\/wp\/wp-content\/uploads\/2016\/06\/MUM3.jpg\" alt=\"ICE AGE\u2122 Characters - Twentieth Century Fox Film Corporation. All rights reserved.\" itemprop=\"image\" height=\"926\" width=\"1392\" title=\"MUM3\" onerror=\"this.style.display='none'\"  \/>\n\t\t\t\t<\/a>\n\t\t\t\t<a href=\"https:\/\/monlove.com\/fr\/hollywood-reporter-ice-age\/\" target=\"_self\" itemprop=\"url\" rel=\"noopener\">\n\t\t\t\t<img loading=\"lazy\" decoding=\"async\" src=\"https:\/\/monlove.com\/wp\/wp-content\/uploads\/2018\/03\/The_Hollywood_Reporter_logo.svg_.png\" alt=\"The_Hollywood_Reporter_logo.svg\" itemprop=\"image\" height=\"467\" width=\"2000\" title=\"The_Hollywood_Reporter_logo.svg\" onerror=\"this.style.display='none'\"  \/>\n\t\t\t\t<\/a>\n\t<link rel='stylesheet' id='heading-font-css'  href='https:\/\/fonts.googleapis.com\/css?family=Open Sans:700' type='text\/css' media='all' \/>\n\t\t<h2>&#8216;Ice Age&#8217; Live Show Producers Discuss Original Film and New Characters<\/h2>\n\t\t<h2>April 25th, 2012<\/h2>\n\t<p>Producers of &#8220;Ice Age Live! A Mammoth Adventure,&#8221; an original live show based on Fox&#8217;s Ice Age film franchise, provided some glimpses into the show and its planned new characters on Wednesday. The producers didn&#8217;t disclose details of the live event&#8217;s story, but it is understood to be based on the first three films. &#8220;It&#8217;s really a new story we&#8217;re bringing to life,&#8221; Ferguson said in a video.<\/p>\n\t\t\t\t<a href=\"https:\/\/monlove.com\/fr\/variety\/\" target=\"_self\" itemprop=\"url\" rel=\"noopener\">\n\t\t\t\t<img loading=\"lazy\" decoding=\"async\" src=\"https:\/\/monlove.com\/wp\/wp-content\/uploads\/2018\/05\/ICE-AGE-1.jpg\" alt=\"ICE AGE (1)\" itemprop=\"image\" height=\"2074\" width=\"4200\" title=\"ICE AGE (1)\" onerror=\"this.style.display='none'\"  \/>\n\t\t\t\t<\/a>\n\t\t\t\t<a href=\"https:\/\/monlove.com\/fr\/variety\/\" target=\"_self\" itemprop=\"url\" rel=\"noopener\">\n\t\t\t\t<img loading=\"lazy\" decoding=\"async\" src=\"https:\/\/monlove.com\/wp\/wp-content\/uploads\/2020\/06\/variety-vector-logo.png\" alt=\"variety-vector-logo\" itemprop=\"image\" height=\"500\" width=\"900\" title=\"variety-vector-logo\" onerror=\"this.style.display='none'\"  \/>\n\t\t\t\t<\/a>\n\t<link rel='stylesheet' id='heading-font-css'  href='https:\/\/fonts.googleapis.com\/css?family=Open Sans:700' type='text\/css' media='all' \/>\n\t\t<h2>&#8216;Ice Age&#8217; going live with road tour<\/h2>\n\t\t<h2>December 1st, 2011<\/h2>\n\t<p>&#8220;Ice Age Live! A Mammoth Adventure&#8221; will feature the franchise&#8217;s characters in a new storyline, not tied to the films, and combine ice skating, aerial arts, film and puppetry. <\/p>\n\t\t\t\t<a href=\"https:\/\/monlove.com\/fr\/les-echos\/\" target=\"_self\" itemprop=\"url\" rel=\"noopener\">\n\t\t\t\t<img loading=\"lazy\" decoding=\"async\" src=\"https:\/\/monlove.com\/wp\/wp-content\/uploads\/2016\/06\/MUM5.jpg\" alt=\"ICE AGE\u2122 Characters - Twentieth Century Fox Film Corporation. All rights reserved.\" itemprop=\"image\" height=\"926\" width=\"1392\" title=\"MUM5\" onerror=\"this.style.display='none'\"  \/>\n\t\t\t\t<\/a>\n\t\t\t\t<a href=\"https:\/\/monlove.com\/fr\/les-echos\/\" target=\"_self\" itemprop=\"url\" rel=\"noopener\">\n\t\t\t\t<img loading=\"lazy\" decoding=\"async\" src=\"https:\/\/monlove.com\/wp\/wp-content\/uploads\/2018\/03\/Les_E\u0301chos_logo_logotype.png\" alt=\"Les_E\u0301chos_logo_logotype\" itemprop=\"image\" height=\"1170\" width=\"5000\" title=\"Les_E\u0301chos_logo_logotype\" onerror=\"this.style.display='none'\"  \/>\n\t\t\t\t<\/a>\n\t<link rel='stylesheet' id='heading-font-css'  href='https:\/\/fonts.googleapis.com\/css?family=Open Sans:700' type='text\/css' media='all' \/>\n\t\t<h2>Le tandem gagnant de L&#8217;Age de glace Live<\/h2>\n\t\t<h2>21 f\u00e9vrier 2013<\/h2>\n\t<p>Le duo canadien qui a \u00e9crit le livret, les paroles et musiques des chansons, du spectacle en tourn\u00e9e en France, est aguerri. Apr\u00e8s des shows pour le Cirque du Soleil ou pour Holiday on Ice, il planche sur un projet de music-hall pour Broadway.<\/p>\n\t\t\t\t<a href=\"https:\/\/monlove.com\/fr\/le-figaro\/\" target=\"_self\" itemprop=\"url\" rel=\"noopener\">\n\t\t\t\t<img loading=\"lazy\" decoding=\"async\" src=\"https:\/\/monlove.com\/wp\/wp-content\/uploads\/2016\/06\/MUM7.jpg\" alt=\"MUM7\" itemprop=\"image\" height=\"926\" width=\"1392\" title=\"MUM7\" onerror=\"this.style.display='none'\"  \/>\n\t\t\t\t<\/a>\n\t\t\t\t<a href=\"https:\/\/monlove.com\/fr\/le-figaro\/\" target=\"_self\" itemprop=\"url\" rel=\"noopener\">\n\t\t\t\t<img loading=\"lazy\" decoding=\"async\" src=\"https:\/\/monlove.com\/wp\/wp-content\/uploads\/2018\/03\/Le_Figaro_logo.svg_.png\" alt=\"Le_Figaro_logo.svg\" itemprop=\"image\" height=\"299\" width=\"1280\" title=\"Le_Figaro_logo.svg\" onerror=\"this.style.display='none'\"  \/>\n\t\t\t\t<\/a>\n\t<link rel='stylesheet' id='heading-font-css'  href='https:\/\/fonts.googleapis.com\/css?family=Open Sans:700' type='text\/css' media='all' \/>\n\t\t<h2>L&#8217;\u00c2ge de glace fait son show \u00e0 Bercy<\/h2>\n\t\t<h2>22 f\u00e9vrier 2013<\/h2>\n\t<p>Pour la premi\u00e8re fois, le film d&#8217;animation est adapt\u00e9 \u00e0 la sc\u00e8ne, dans une version m\u00ealant patinage artistique, cirque et arts martiaux&#8230;C&#8217;est un spectacle ambitieux, port\u00e9 par le clan des Canadiens, anciens du Cirque du Soleil. Ella Louise Allaire et Martin Lord Ferguson signent le livret.<\/p>\n\t\t\t\t<a href=\"https:\/\/monlove.com\/fr\/la-presse-2\/\" target=\"_self\" itemprop=\"url\" rel=\"noopener\">\n\t\t\t\t<img loading=\"lazy\" decoding=\"async\" src=\"https:\/\/monlove.com\/wp\/wp-content\/uploads\/2020\/07\/515654-avec-directeur-musical-martin-lord.jpg\" alt=\"515654-avec-directeur-musical-martin-lord\" itemprop=\"image\" height=\"615\" width=\"922\" title=\"515654-avec-directeur-musical-martin-lord\" onerror=\"this.style.display='none'\"  \/>\n\t\t\t\t<\/a>\n\t\t\t\t<a href=\"https:\/\/monlove.com\/fr\/la-presse-2\/\" target=\"_self\" itemprop=\"url\" rel=\"noopener\">\n\t\t\t\t<img loading=\"lazy\" decoding=\"async\" src=\"https:\/\/monlove.com\/wp\/wp-content\/uploads\/2018\/03\/2012_logo_for_La_Presse_newspaper.svg_.png\" alt=\"2012_logo_for_La_Presse_newspaper.svg\" itemprop=\"image\" height=\"1200\" width=\"1200\" title=\"2012_logo_for_La_Presse_newspaper.svg\" onerror=\"this.style.display='none'\"  \/>\n\t\t\t\t<\/a>\n\t<link rel='stylesheet' id='heading-font-css'  href='https:\/\/fonts.googleapis.com\/css?family=Open Sans:700' type='text\/css' media='all' \/>\n\t\t<h2>Une Qu\u00e9b\u00e9coise au coeur de la superproduction Ice Age Live<\/h2>\n\t\t<h2>26 juin 2012<\/h2>\n\t<p>La Qu\u00e9b\u00e9coise Ella Louise Allaire a \u00e9crit les dialogues, les chansons et la musique de la m\u00e9gaproduction Ice Age Live. La com\u00e9die musicale sera lanc\u00e9e le 2 novembre prochain en Angleterre, et la tourn\u00e9e mondiale devrait s&#8217;arr\u00eater \u00e0 Montr\u00e9al en 2015 ou 2016. Pour la musicienne originaire de Trois-Rivi\u00e8res, la musique est une vieille histoire d&#8217;amour.<\/p>","protected":false},"excerpt":{"rendered":"<p>From Animation to Ice &#8211; Ice Age Live! April 9th, 2013 Turning a movie into a live production can seem an impossible task, especially when the protagonists are woolly mammoths. Then imagine the logistics of adding a dozen or so musical numbers, and, as a coup de grace, staging it on ice. That&#8217;s precisely what&#8230;<\/p>","protected":false},"author":4,"featured_media":0,"parent":0,"menu_order":0,"comment_status":"closed","ping_status":"closed","template":"full-width-page.php","meta":{"footnotes":""},"class_list":["post-2631","page","type-page","status-publish","hentry"],"aioseo_notices":[],"jetpack_sharing_enabled":true,"_links":{"self":[{"href":"https:\/\/monlove.com\/fr\/wp-json\/wp\/v2\/pages\/2631","targetHints":{"allow":["GET"]}}],"collection":[{"href":"https:\/\/monlove.com\/fr\/wp-json\/wp\/v2\/pages"}],"about":[{"href":"https:\/\/monlove.com\/fr\/wp-json\/wp\/v2\/types\/page"}],"author":[{"embeddable":true,"href":"https:\/\/monlove.com\/fr\/wp-json\/wp\/v2\/users\/4"}],"replies":[{"embeddable":true,"href":"https:\/\/monlove.com\/fr\/wp-json\/wp\/v2\/comments?post=2631"}],"version-history":[{"count":14,"href":"https:\/\/monlove.com\/fr\/wp-json\/wp\/v2\/pages\/2631\/revisions"}],"predecessor-version":[{"id":4584,"href":"https:\/\/monlove.com\/fr\/wp-json\/wp\/v2\/pages\/2631\/revisions\/4584"}],"wp:attachment":[{"href":"https:\/\/monlove.com\/fr\/wp-json\/wp\/v2\/media?parent=2631"}],"curies":[{"name":"wp","href":"https:\/\/api.w.org\/{rel}","templated":true}]}}