{"id":2641,"date":"2020-06-12T14:10:54","date_gmt":"2020-06-12T18:10:54","guid":{"rendered":"https:\/\/monlove.com\/?page_id=2641"},"modified":"2021-08-03T12:40:32","modified_gmt":"2021-08-03T16:40:32","slug":"ellalouiseallaire","status":"publish","type":"page","link":"https:\/\/monlove.com\/fr\/ellalouiseallaire\/","title":{"rendered":"Ella Louise Allaire"},"content":{"rendered":"<h1><b>ELLA LOUISE ALLAIRE<\/b><\/h1>\n<p>Ella Louise Allaire is a show conceptor, librettist, composer, lyricist, producer and entrepreneur. Over the years she has acquired an international reputation that makes her a highly sought after creator in\u00a0the entertainment business.\u00a0She is the writer of the Original Concept, Book, Music and Lyrics for the multi-billion dollar franchise from 20th Century Fox \u2013 the arena spectacular &#8211; <i>Ice Age Live! A Mammoth Adventure\u00a0<\/i>with colleague Martin Lord Ferguson.<\/p>\n<p class=\"translation-block\"><span class=\"s1\" style=\"color: #000000\"><em>L'\u00e2ge de glace live!<\/em> a battu des records de ventes avec plus de 2.6 million de spectateurs, et a \u00e9t\u00e9 d\u00e9clar\u00e9 le spectacle #1 en Europe en 2013. L'\u00e2ge de glace live! fut plus populaire que Coldplay et U2 avec plus de 60,000 spectateurs durant cinq jours \u00e0 L\u2019Omnisports de Bercy \u00e0 Paris, 73,000 \u00e0 Vienne, en plus d'obtenir une nomination aux prestigieux prix Lea pour \u2018Spectacle de l'ann\u00e9e' en 2013. L'\u00e2ge de glace live! a \u00e9galement re\u00e7u le prix de \u2018Meilleur vendeur' O2 World Hamburg.<\/span><\/p>\n<p>She was involved in many Cirque du Soleil\u2019s productions and collaborated on the 3D film:\u00a0<em>Cirque du Soleil Worlds\u00a0Away<\/em>, co-produced by James Cameron and Cirque du Soleil, and directed by Andrew Adamson (Chronicles of Narnia). Cirque du Soleil\u2019s <i>ZED <\/i>(Tokyo Disney); and the world famous <i>Alegria\u00a0<\/i>(arena) for which she wrote the song Rinalto Vera; <i>K\u00c0 <\/i>(MGM, Las Vegas). TIME Magazine voted the <em>K\u00c0<\/em> soundtrack, \u201cThe year\u2019s best new score\u201d in 2005. Moreover, <em>K\u00c0<\/em> figured on the Billboard charts for over 56 weeks with a top five for 2006.\u00a0<\/p>\n<p>Her work has been heard on many international productions including events for the Vancouver Winter Olympic Games, <i>Conan The Barbarian, Avatar <\/i>film trailer, Philippe Noiret: <i>Gentleman Saltimbanque, The Scorpion King 2, Dateline NBC<\/i>, NFL Films, <em>The<\/em>\u00a0<i>Oprah Winfrey Show<\/i>, the video game: <i>Spiderman \u2013 Shattered Dimensions<\/i>, the McDonald&#8217;s commercial: Fishing, The Beijing Acrobatic Troupe of China: <i>Musical Box<\/i>, the feature film: <i>Journey to the Center of the Earth<\/i>, a collection of five CDs for APM Music Hollywood, a concert with The Quebec Symphony Orchestra, as well as two personal albums: <i>Mon Or <\/i>et <i>H\u00e9r\u00e9tique. <\/i>Ella Louise recently completed the musical live stage spectacular <em>Scooby-Doo!<\/em> et <em>The Lost City of Gold<\/em> and is currently preparing a musical series.<\/p>\n<p>Ella Louise studied flute and piano at Le Conservatoire de Musique du Qu\u00e9bec. As a teenager, she received &#8220;First Prize&#8221; two years in a row at \u201cLes Concours de musique du Qu\u00e9bec\u201d. Thereafter, she was admitted to McGill University, the prestigious Schulich School of Music where she received two scholarships: the \u201cJames McGill Award\u201d and the \u201cMusic Faculty Award\u201d respectively. She was subsequently admitted to the Graduate program at the University of Montr\u00e9al where she studied composition under the direction of Michel Longtin. Ella Louise Allaire received The Canada Council Grant For Professional Musician.<\/p>\n\t\t\t\t<img loading=\"lazy\" decoding=\"async\" src=\"https:\/\/monlove.com\/wp\/wp-content\/uploads\/2015\/09\/ELLA-1.jpg\" alt=\"A017_C003_010988\" itemprop=\"image\" height=\"2592\" width=\"5917\" title=\"A017_C003_010988\" onerror=\"this.style.display='none'\"  \/>\n\t\t\t\t<img loading=\"lazy\" decoding=\"async\" src=\"https:\/\/monlove.com\/wp\/wp-content\/uploads\/2020\/06\/ELLA-SURLY2-2-copy.png\" alt=\"ELLA &amp; SURLY2 2 copy\" itemprop=\"image\" height=\"901\" width=\"1403\" title=\"ELLA &amp; SURLY2 2 copy\" onerror=\"this.style.display='none'\"  \/>","protected":false},"excerpt":{"rendered":"<p>ELLA LOUISE ALLAIRE Ella Louise Allaire is a show conceptor, librettist, composer, lyricist, producer and entrepreneur. Over the years she has acquired an international reputation that makes her a highly sought after creator in\u00a0the entertainment business.\u00a0She is the writer of the Original Concept, Book, Music and Lyrics for the multi-billion dollar franchise from 20th Century&#8230;<\/p>","protected":false},"author":4,"featured_media":0,"parent":0,"menu_order":0,"comment_status":"closed","ping_status":"closed","template":"full-width-page.php","meta":{"footnotes":""},"class_list":["post-2641","page","type-page","status-publish","hentry"],"aioseo_notices":[],"jetpack_sharing_enabled":true,"_links":{"self":[{"href":"https:\/\/monlove.com\/fr\/wp-json\/wp\/v2\/pages\/2641","targetHints":{"allow":["GET"]}}],"collection":[{"href":"https:\/\/monlove.com\/fr\/wp-json\/wp\/v2\/pages"}],"about":[{"href":"https:\/\/monlove.com\/fr\/wp-json\/wp\/v2\/types\/page"}],"author":[{"embeddable":true,"href":"https:\/\/monlove.com\/fr\/wp-json\/wp\/v2\/users\/4"}],"replies":[{"embeddable":true,"href":"https:\/\/monlove.com\/fr\/wp-json\/wp\/v2\/comments?post=2641"}],"version-history":[{"count":4,"href":"https:\/\/monlove.com\/fr\/wp-json\/wp\/v2\/pages\/2641\/revisions"}],"predecessor-version":[{"id":3598,"href":"https:\/\/monlove.com\/fr\/wp-json\/wp\/v2\/pages\/2641\/revisions\/3598"}],"wp:attachment":[{"href":"https:\/\/monlove.com\/fr\/wp-json\/wp\/v2\/media?parent=2641"}],"curies":[{"name":"wp","href":"https:\/\/api.w.org\/{rel}","templated":true}]}}