{"id":2646,"date":"2020-06-12T14:11:48","date_gmt":"2020-06-12T18:11:48","guid":{"rendered":"https:\/\/monlove.com\/?page_id=2646"},"modified":"2020-06-15T19:27:47","modified_gmt":"2020-06-15T23:27:47","slug":"martinlordferguson","status":"publish","type":"page","link":"https:\/\/monlove.com\/fr\/martinlordferguson\/","title":{"rendered":"Martin Lord Ferguson"},"content":{"rendered":"<h1><b>MARTIN LORD FERGUSON<\/b><\/h1>\n<p>Martin Lord Ferguson est producteur, sc\u00e9nariste, compositeur, producteur de musique et parolier. Ses cr\u00e9dits incluent des spectacles de renomm\u00e9e mondiale tels que 20th Century Fox: ICE AGE LIVE! A MAMMOTH ADVENTURE, ENERGIA, Cirque du Soleil: K\u00c0, ZED et SALTIMBANCO (Arena), ainsi que des bandes-annonces pour le film: AVATAR, PLANES et des centaines d'autres.<\/p>\n<p>His credits also include The Nut Job Live &amp; Friends (Monlove), Energia (Stage Entertainment), world renowned Cirque du Soleil&#8217;s shows: K\u00e0, Zed and Saltimbanco (Arena), a trailer for the film: Avatar, Planes and hundreds more.<\/p>\n<p>Martin started out as a music producer and engineer producing over 30 albums including Cirque du Soleil, Holiday on Ice, Roch Voisine, Ginette Reno, Elise Velle &amp; Mitsou. For over 20 years he has been involved in every field of the industry including theatre and large format shows, advertising, TV series and feature films as well as song-writing. He scored &#8220;White Skin&#8221; which received 2 awards in Canada \u201cBest new director,\u201d Toronto Film Festival &amp; \u201cBest first movie,\u201d Genie Awards, and the Tv series \u201cFortier\u201d which with a 60% market share was the biggest drama series ever in French Canadian history.<\/p>\n<p>His music has been heard on many international productions including:\u201cCirque Du Soleil, Worlds Away\u201d a 3D film co-produced by James Cameron and directed by Andrew Adamson (Shrek, Narnia&#8230;), \u201cConan The Barbarian\u201d (2011), The \u201c2010 Winter Olympic Games,&#8221; &#8220;The Scorpion King 2,&#8221; &#8220;The Huntsman: Winter&#8217;s War,&#8221; &#8220;Dateline NBC,&#8221; &#8220;the Cleaveland show,&#8221; &#8220;NFL Films&#8221; and the video game &#8220;Spiderman &#8211; Shattered Dimensions&#8221;.<\/p>\n\t\t\t\t<img loading=\"lazy\" decoding=\"async\" src=\"https:\/\/monlove.com\/wp\/wp-content\/uploads\/2019\/11\/Martin-Lord-Ferguson-1-scaled.jpg\" alt=\"Martin Lord Ferguson 1\" itemprop=\"image\" height=\"2560\" width=\"2119\" title=\"Martin Lord Ferguson 1\" onerror=\"this.style.display='none'\"  \/>","protected":false},"excerpt":{"rendered":"<p>MARTIN LORD FERGUSON Martin Lord Ferguson is a Canadian show creator\/producer, sound engineer, script writer, composer and lyricist. His credits includes writing the Book, Music &amp; Lyrics for the mega success: Ice Age Live! A Mammoth Adventure (20th Century Fox, Stage Entertainment) with record audiences in Paris (over 60 000 spectators in a 5 day&#8230;<\/p>","protected":false},"author":4,"featured_media":0,"parent":0,"menu_order":0,"comment_status":"closed","ping_status":"closed","template":"full-width-page.php","meta":{"footnotes":""},"class_list":["post-2646","page","type-page","status-publish","hentry"],"aioseo_notices":[],"jetpack_sharing_enabled":true,"_links":{"self":[{"href":"https:\/\/monlove.com\/fr\/wp-json\/wp\/v2\/pages\/2646","targetHints":{"allow":["GET"]}}],"collection":[{"href":"https:\/\/monlove.com\/fr\/wp-json\/wp\/v2\/pages"}],"about":[{"href":"https:\/\/monlove.com\/fr\/wp-json\/wp\/v2\/types\/page"}],"author":[{"embeddable":true,"href":"https:\/\/monlove.com\/fr\/wp-json\/wp\/v2\/users\/4"}],"replies":[{"embeddable":true,"href":"https:\/\/monlove.com\/fr\/wp-json\/wp\/v2\/comments?post=2646"}],"version-history":[{"count":3,"href":"https:\/\/monlove.com\/fr\/wp-json\/wp\/v2\/pages\/2646\/revisions"}],"predecessor-version":[{"id":2649,"href":"https:\/\/monlove.com\/fr\/wp-json\/wp\/v2\/pages\/2646\/revisions\/2649"}],"wp:attachment":[{"href":"https:\/\/monlove.com\/fr\/wp-json\/wp\/v2\/media?parent=2646"}],"curies":[{"name":"wp","href":"https:\/\/api.w.org\/{rel}","templated":true}]}}