{"id":3673,"date":"2022-03-16T12:18:27","date_gmt":"2022-03-16T16:18:27","guid":{"rendered":"https:\/\/monlove.com\/?page_id=3673"},"modified":"2022-03-16T12:30:27","modified_gmt":"2022-03-16T16:30:27","slug":"senior-accounting-technician","status":"publish","type":"page","link":"https:\/\/monlove.com\/fr\/careers\/senior-accounting-technician\/","title":{"rendered":"Senior Accounting Technician"},"content":{"rendered":"<p><strong>TECHNICIEN COMPTABLE SENIOR<\/strong><\/p>\n\t<p>Founded in 2005, MONLOVE is a &#8220;content driven&#8221; full production company that creates unique live experiences and unforgettable stories based on the most iconic franchises in the world. Our credo is to innovate with ideas that send a message of love and hope to the world. Join our team to bring some magic into your everyday.<\/p>\n<p>Nous sommes toujours \u00e0 la recherche de personnes cr\u00e9atives et travailleuses pour rejoindre notre \u00e9quipe!<\/p>\n<p><b>MONLOVE est \u00e0 la recherche d\u2019un TECHNICIEN COMPTABLE SENIOR.<\/b><\/p>\n<p>Under the supervision of Chief Accountant, the Senior Accounting Technician is responsible for supporting her in all her tasks, namely:<\/p>\n<p><strong><b>RESPONSABILIT\u00c9S<\/b><\/strong><\/p>\n<ul>\n<li>Participer au cycle complet de comptabilit\u00e9;<\/li>\n<li>Effectuer la saisie des transactions courantes;<\/li>\n<li>Participer \u00e0 la conciliation bancaire;<\/li>\n<li>Participer aux \u00e9critures de fin de mois et de fin d\u2019exercices;<\/li>\n<li>Participer \u00e0 la pr\u00e9paration des paies et \u00e0 la comptabilisation des salaires;<\/li>\n<li>Produire des rapports statutaires;<\/li>\n<li>Participer \u00e0 l\u2019enregistrement et au contr\u00f4le des comptes clients et fournisseurs;<\/li>\n<li>Participer \u00e0 l\u2019analyse et \u00e0 la pr\u00e9paration des \u00e9tats financiers;<\/li>\n<\/ul>\n<p><b>PROFIL RECHERCH\u00c9<\/b><\/p>\n<ul>\n<li>DEC en technique comptable ou l\u2019\u00e9quivalent;<\/li>\n<li>Excellente ma\u00eetrise du fran\u00e7ais et anglais, tant \u00e0 l\u2019oral qu\u2019\u00e0 l\u2019\u00e9crit;<\/li>\n<li>Connaissance de Quickbooks un atout;<\/li>\n<li>Connaissance de la suite Office de Microsoft (Word, Excel);<\/li>\n<li>Sens de l\u2019organisation et des priorit\u00e9s, respect des \u00e9ch\u00e9anciers, capacit\u00e9 \u00e0 travailler en \u00e9quipe, autonomie;<\/li>\n<li>Esprit d'\u00e9quipe.<\/li>\n<\/ul>\n<p><strong>Ce que nous offrons:<\/strong><\/p>\n<ul>\n<li>Salaire comp\u00e9titif<\/li>\n<li>Environnement de travail s\u00fbr<\/li>\n<li>Parking gratuit<\/li>\n<li>Possibilit\u00e9 de travailler \u00e0 distance<\/li>\n<li>Vacances<\/li>\n<\/ul>\n<p>Nous remercions tous les candidats \u00e0 l'avance. Cependant, seuls ceux qui ont \u00e9t\u00e9 \ns\u00e9lectionn\u00e9s pour une entrevue seront contact\u00e9s.<\/p>\n<p><a href=\"mailto: jobs@monlove.com\">appliquer &gt;<\/a><\/p>\n\t\t\t\t<img decoding=\"async\" src=\"http:\/\/monlove.com\/wp\/wp-content\/uploads\/2015\/09\/EM-in-the-Studio.jpg\" alt=\"A007_C002_04225U\" itemprop=\"image\" title=\"A007_C002_04225U\" onerror=\"this.style.display='none'\"  \/>\n\t\t\t\t<img loading=\"lazy\" decoding=\"async\" src=\"https:\/\/monlove.com\/wp\/wp-content\/uploads\/2020\/06\/ANY_6775-scaled-1.jpg\" alt=\"ANY_6775-scaled\" itemprop=\"image\" height=\"1707\" width=\"2560\" title=\"ANY_6775-scaled\" onerror=\"this.style.display='none'\"  \/>\n\t\t\t\t<img loading=\"lazy\" decoding=\"async\" src=\"https:\/\/monlove.com\/wp\/wp-content\/uploads\/2020\/06\/DSC04065-scaled.jpg\" alt=\"DSC04065\" itemprop=\"image\" height=\"1707\" width=\"2560\" title=\"DSC04065\" onerror=\"this.style.display='none'\"  \/>\n\t\t\t\t<img decoding=\"async\" src=\"http:\/\/monlove.com\/wp\/wp-content\/uploads\/2016\/06\/MUM4.jpg\" alt=\"ICE AGE\u2122 Characters - Twentieth Century Fox Film Corporation. All rights reserved.\" itemprop=\"image\" title=\"MUM4\" onerror=\"this.style.display='none'\"  \/>","protected":false},"excerpt":{"rendered":"<p>SENIOR ACCOUNTING TECHNICIAN Founded in 2005, MONLOVE is a &#8220;content driven&#8221; full production company that creates unique live experiences and unforgettable stories based on the most iconic franchises in the world. Our credo is to innovate with ideas that send a message of love and hope to the world. Join our team to bring some&#8230;<\/p>","protected":false},"author":3,"featured_media":0,"parent":2590,"menu_order":0,"comment_status":"closed","ping_status":"closed","template":"full-width-page.php","meta":{"footnotes":""},"class_list":["post-3673","page","type-page","status-publish","hentry"],"aioseo_notices":[],"jetpack_sharing_enabled":true,"_links":{"self":[{"href":"https:\/\/monlove.com\/fr\/wp-json\/wp\/v2\/pages\/3673","targetHints":{"allow":["GET"]}}],"collection":[{"href":"https:\/\/monlove.com\/fr\/wp-json\/wp\/v2\/pages"}],"about":[{"href":"https:\/\/monlove.com\/fr\/wp-json\/wp\/v2\/types\/page"}],"author":[{"embeddable":true,"href":"https:\/\/monlove.com\/fr\/wp-json\/wp\/v2\/users\/3"}],"replies":[{"embeddable":true,"href":"https:\/\/monlove.com\/fr\/wp-json\/wp\/v2\/comments?post=3673"}],"version-history":[{"count":3,"href":"https:\/\/monlove.com\/fr\/wp-json\/wp\/v2\/pages\/3673\/revisions"}],"predecessor-version":[{"id":3677,"href":"https:\/\/monlove.com\/fr\/wp-json\/wp\/v2\/pages\/3673\/revisions\/3677"}],"up":[{"embeddable":true,"href":"https:\/\/monlove.com\/fr\/wp-json\/wp\/v2\/pages\/2590"}],"wp:attachment":[{"href":"https:\/\/monlove.com\/fr\/wp-json\/wp\/v2\/media?parent=3673"}],"curies":[{"name":"wp","href":"https:\/\/api.w.org\/{rel}","templated":true}]}}