{"id":3779,"date":"2023-01-19T16:09:58","date_gmt":"2023-01-19T21:09:58","guid":{"rendered":"https:\/\/monlove.com\/?page_id=3779"},"modified":"2023-01-22T16:11:34","modified_gmt":"2023-01-22T21:11:34","slug":"looney-tunes","status":"publish","type":"page","link":"https:\/\/monlove.com\/fr\/looney-tunes\/","title":{"rendered":"Looney Tunes"},"content":{"rendered":"<img loading=\"lazy\" decoding=\"async\" src=\"https:\/\/monlove.com\/wp\/wp-content\/uploads\/2023\/01\/Lonney-Tunes.png\" alt=\"Lonney Tunes\" itemprop=\"image\" height=\"900\" width=\"900\" title=\"Lonney Tunes\" onerror=\"this.style.display='none'\">\n\t<p>La soci\u00e9t\u00e9 de production montr\u00e9alaise Monlove et Warner Bros. ont annonc\u00e9 un partenariat pour cr\u00e9er un spectacle th\u00e9\u00e2tral et musical LIVE mettant en vedette les personnages bien-aim\u00e9s de Looney Tunes, dont Bugs Bunny, Daffy Duck, Tweety et bien d'autres, dans une histoire originale et familiale qui plongera les spectateurs dans une exp\u00e9rience d'animation exceptionnelle.<\/p>\n<p>Les personnages, les d\u00e9cors, les chansons et les histoires de Looney Tunes ont pendant des d\u00e9cennies, fa\u00e7onn\u00e9 notre imaginaire et conserv\u00e9 notre c\u0153ur d\u2019enfant tout en refl\u00e9tant la condition humaine avec l'art, l'humour et l'histoire \u00e0 travers l'animation.<\/p>\n<p>Bugs Bunny, one of the most recognizable animated characters in history, continues-along with his loveable friends-to entertain audiences after almost a century. Mindful of the animated series&#8217; incredible legacy, Monlove&#8217;s partners Ella Louise Allaire and Martin Lord Ferguson will oversee the new live stage extravaganza, showcasing an original story aimed for stages around the world. Appealing to a family audience and featuring innovative video and interactive technology, it will combine outstanding music, irreverent humour, puppetry and vaudevillian arts, song, dance, and mime, to immerse spectators in a classic animation experience. Plucky performers and a showcase of actors playing screwball scoundrels will enliven a cartoon landscape where each contest of wills is a comedy of wiles. production dates will be announced at a later date.<\/p>","protected":false},"excerpt":{"rendered":"<p>Montreal-based production company Monlove and Warner Bros. announced a partnership to create a live theatrical and musical stage show featuring the beloved Looney Tunes characters, including Bugs Bunny, Daffy Duck, Tweety and many others, in an original, family-friendly story that will immerse spectators in a classic animation experience. Looney Tunes characters, settings, songs, and stories&#8230;<\/p>","protected":false},"author":3,"featured_media":0,"parent":0,"menu_order":0,"comment_status":"closed","ping_status":"closed","template":"full-width-page.php","meta":{"footnotes":""},"class_list":["post-3779","page","type-page","status-publish","hentry"],"aioseo_notices":[],"jetpack_sharing_enabled":true,"_links":{"self":[{"href":"https:\/\/monlove.com\/fr\/wp-json\/wp\/v2\/pages\/3779","targetHints":{"allow":["GET"]}}],"collection":[{"href":"https:\/\/monlove.com\/fr\/wp-json\/wp\/v2\/pages"}],"about":[{"href":"https:\/\/monlove.com\/fr\/wp-json\/wp\/v2\/types\/page"}],"author":[{"embeddable":true,"href":"https:\/\/monlove.com\/fr\/wp-json\/wp\/v2\/users\/3"}],"replies":[{"embeddable":true,"href":"https:\/\/monlove.com\/fr\/wp-json\/wp\/v2\/comments?post=3779"}],"version-history":[{"count":4,"href":"https:\/\/monlove.com\/fr\/wp-json\/wp\/v2\/pages\/3779\/revisions"}],"predecessor-version":[{"id":3791,"href":"https:\/\/monlove.com\/fr\/wp-json\/wp\/v2\/pages\/3779\/revisions\/3791"}],"wp:attachment":[{"href":"https:\/\/monlove.com\/fr\/wp-json\/wp\/v2\/media?parent=3779"}],"curies":[{"name":"wp","href":"https:\/\/api.w.org\/{rel}","templated":true}]}}