{"id":3793,"date":"2023-01-22T16:25:49","date_gmt":"2023-01-22T21:25:49","guid":{"rendered":"https:\/\/monlove.com\/?page_id=3793"},"modified":"2025-02-16T12:35:51","modified_gmt":"2025-02-16T17:35:51","slug":"all-systems-are-go","status":"publish","type":"page","link":"https:\/\/monlove.com\/fr\/all-systems-are-go\/","title":{"rendered":"All Systems Are Go"},"content":{"rendered":"<meta itemprop=\"url\" content=\"https:\/\/monlove.com\/wp\/wp-content\/uploads\/2023\/04\/asag_promo1_16x9_v1-1080p.mp4\" \/><div style=\"width: 640px;\" class=\"wp-video\"><video muted class=\"wp-video-shortcode\" id=\"video-3793-1\" width=\"640\" height=\"360\" loop autoplay preload=\"metadata\" controls=\"controls\"><source type=\"video\/mp4\" src=\"https:\/\/monlove.com\/wp\/wp-content\/uploads\/2023\/04\/asag_promo1_16x9_v1-1080p.mp4?_=1\" \/><source type=\"video\/mp4\" src=\"https:\/\/monlove.com\/wp\/wp-content\/uploads\/2023\/04\/asag_promo1_16x9_v1-1080p.mp4?_=1\" \/><a href=\"https:\/\/monlove.com\/wp\/wp-content\/uploads\/2023\/04\/asag_promo1_16x9_v1-1080p.mp4\">https:\/\/monlove.com\/wp\/wp-content\/uploads\/2023\/04\/asag_promo1_16x9_v1-1080p.mp4<\/a><\/video><\/div>\n\t<p>Cr\u00e9\u00e9 par <strong>MONLOVE<\/strong>, embarquez pour l\u2019espace avec l\u2019\u00e9quipage des <strong>Peanuts\u00ae<\/strong> lors de <strong>All Systems Are Go!<\/strong>, une exp\u00e9rience immersive palpitante \u00e9crite par les renomm\u00e9s <strong>Ella Louise Allaire<\/strong> et <strong>Martin Lord Ferguson<\/strong> , qui signent le concept, le livret, la musique et les paroles. Cette aventure met en sc\u00e8ne l\u2019art de la marionnette, des jeux de lumi\u00e8res, des effets sonores et les personnages embl\u00e9matiques des <strong>Peanuts<\/strong> . Rejoignez <strong>Snoopy<\/strong> et <strong>Woodstock<\/strong> , appel\u00e9s par le Directeur de lancement pour aider \u00e0 la prochaine mission de la <strong>NASA mission &#8211; Ar\u00adtemis<\/strong>. De l\u2019entra\u00eenement \u00e0 la mission, en passant par les tests du vaisseau Orion et l\u2019exploration d\u2019autres plan\u00e8tes, les visiteurs embarquent pour une aventure sensationnelle de 20 minutes, m\u00ealant histoire, \u00e9ducation et imagination.<\/p>\n<p>La musique, cr\u00e9\u00e9e exclusivement pour le spectacle par <strong>Allaire &amp; Ferguson<\/strong>, propose un m\u00e9lange \u00e9clectique de styles orchestraux, contemporains et jazz. Avant m\u00eame le d\u00e9but du spectacle, utilisez votre smartphone pour d\u00e9bloquer une exp\u00e9rience.<\/p>\n\t\t\t\t<img loading=\"lazy\" decoding=\"async\" src=\"https:\/\/monlove.com\/wp\/wp-content\/uploads\/2023\/05\/ASAG-NASA-MED.png\" alt=\"ASAG NASA MED\" itemprop=\"image\" height=\"708\" width=\"1050\" title=\"ASAG NASA MED\" onerror=\"this.style.display='none'\"  \/>\n\t\t\t\t<img loading=\"lazy\" decoding=\"async\" src=\"https:\/\/monlove.com\/wp\/wp-content\/uploads\/2023\/05\/ASAG.jpg\" alt=\"ASAG\" itemprop=\"image\" height=\"708\" width=\"1050\" title=\"ASAG\" onerror=\"this.style.display='none'\"  \/>\n\t\t\t\t<img loading=\"lazy\" decoding=\"async\" src=\"https:\/\/monlove.com\/wp\/wp-content\/uploads\/2023\/05\/ASAG-NASA-MED.jpg\" alt=\"ASAG NASA MED\" itemprop=\"image\" height=\"708\" width=\"1050\" title=\"ASAG NASA MED\" onerror=\"this.style.display='none'\"  \/>\n\t\t\t\t<img loading=\"lazy\" decoding=\"async\" src=\"https:\/\/monlove.com\/wp\/wp-content\/uploads\/2023\/04\/ASAG-HEADER.png\" alt=\"ASAG HEADER\" itemprop=\"image\" height=\"828\" width=\"3965\" title=\"ASAG HEADER\" onerror=\"this.style.display='none'\"  \/>","protected":false},"excerpt":{"rendered":"<p>Created by MONLOVE, Launch into space with the Peanuts\u00ae crew during All Systems Are Go!, an exciting immersive experience written by world renown Ella Louise Allaire and Martin Lord Ferguson who sign the concept, book, music &amp; lyrics. Featur\u00ading state-of-the-art puppetry, lights, sounds, and the be\u00adloved Peanuts characters. Come along as Snoopy and Woodstock are&#8230;<\/p>","protected":false},"author":3,"featured_media":0,"parent":0,"menu_order":0,"comment_status":"closed","ping_status":"closed","template":"full-width-page.php","meta":{"footnotes":""},"class_list":["post-3793","page","type-page","status-publish","hentry"],"aioseo_notices":[],"jetpack_sharing_enabled":true,"_links":{"self":[{"href":"https:\/\/monlove.com\/fr\/wp-json\/wp\/v2\/pages\/3793","targetHints":{"allow":["GET"]}}],"collection":[{"href":"https:\/\/monlove.com\/fr\/wp-json\/wp\/v2\/pages"}],"about":[{"href":"https:\/\/monlove.com\/fr\/wp-json\/wp\/v2\/types\/page"}],"author":[{"embeddable":true,"href":"https:\/\/monlove.com\/fr\/wp-json\/wp\/v2\/users\/3"}],"replies":[{"embeddable":true,"href":"https:\/\/monlove.com\/fr\/wp-json\/wp\/v2\/comments?post=3793"}],"version-history":[{"count":16,"href":"https:\/\/monlove.com\/fr\/wp-json\/wp\/v2\/pages\/3793\/revisions"}],"predecessor-version":[{"id":4326,"href":"https:\/\/monlove.com\/fr\/wp-json\/wp\/v2\/pages\/3793\/revisions\/4326"}],"wp:attachment":[{"href":"https:\/\/monlove.com\/fr\/wp-json\/wp\/v2\/media?parent=3793"}],"curies":[{"name":"wp","href":"https:\/\/api.w.org\/{rel}","templated":true}]}}