{"id":4391,"date":"2025-03-04T11:14:11","date_gmt":"2025-03-04T16:14:11","guid":{"rendered":"https:\/\/monlove.com\/?page_id=4391"},"modified":"2025-05-16T16:19:38","modified_gmt":"2025-05-16T20:19:38","slug":"immersive-experiences","status":"publish","type":"page","link":"https:\/\/monlove.com\/fr\/immersive-experiences\/","title":{"rendered":"Exp\u00e9riences Immersives"},"content":{"rendered":"<p>Exp\u00e9riences Immersives<\/p>\n\t<p>Designing interactive, multimedia live events.<\/p>\n<p>Production compl\u00e8te, de la conception \u00e0 la r\u00e9alisation.<\/p>\n<p>Custom experiential storytelling for brands &amp; IPs.<\/p>\n<p>Conception sc\u00e9nographique, innovations techniques et arts de la sc\u00e8ne.<\/p>\n<p>&nbsp;<\/p>\n\t\t\t\t<img loading=\"lazy\" decoding=\"async\" src=\"https:\/\/monlove.com\/wp\/wp-content\/uploads\/2025\/03\/immersive_1.jpg\" alt=\"immersive_1\" itemprop=\"image\" height=\"1545\" width=\"2000\" title=\"immersive_1\" onerror=\"this.style.display='none'\"  \/>\n\t\t\t\t<img loading=\"lazy\" decoding=\"async\" src=\"https:\/\/monlove.com\/wp\/wp-content\/uploads\/2025\/03\/immersive_2.jpg\" alt=\"immersive_2\" itemprop=\"image\" height=\"1545\" width=\"2000\" title=\"immersive_2\" onerror=\"this.style.display='none'\"  \/>\n\t\t\t\t<img loading=\"lazy\" decoding=\"async\" src=\"https:\/\/monlove.com\/wp\/wp-content\/uploads\/2025\/03\/immersive_3.jpg\" alt=\"immersive_3\" itemprop=\"image\" height=\"1545\" width=\"2000\" title=\"immersive_3\" onerror=\"this.style.display='none'\"  \/>\n\t\t\t\t<img loading=\"lazy\" decoding=\"async\" src=\"https:\/\/monlove.com\/wp\/wp-content\/uploads\/2025\/03\/immersive_4.jpg\" alt=\"immersive_4\" itemprop=\"image\" height=\"1545\" width=\"2000\" title=\"immersive_4\" onerror=\"this.style.display='none'\"  \/>\n\t\t\t\t<img loading=\"lazy\" decoding=\"async\" src=\"https:\/\/monlove.com\/wp\/wp-content\/uploads\/2025\/03\/immersive_5.jpg\" alt=\"immersive_5\" itemprop=\"image\" height=\"1545\" width=\"2000\" title=\"immersive_5\" onerror=\"this.style.display='none'\"  \/>\n\t\t\t\t<img loading=\"lazy\" decoding=\"async\" src=\"https:\/\/monlove.com\/wp\/wp-content\/uploads\/2025\/03\/immersive_6.jpg\" alt=\"immersive_6\" itemprop=\"image\" height=\"1545\" width=\"2000\" title=\"immersive_6\" onerror=\"this.style.display='none'\"  \/>\n\t\t\t\t<img loading=\"lazy\" decoding=\"async\" src=\"https:\/\/monlove.com\/wp\/wp-content\/uploads\/2025\/03\/immersive_7.jpg\" alt=\"immersive_7\" itemprop=\"image\" height=\"1125\" width=\"2000\" title=\"immersive_7\" onerror=\"this.style.display='none'\"  \/>\n\t\t\t\t<img loading=\"lazy\" decoding=\"async\" src=\"https:\/\/monlove.com\/wp\/wp-content\/uploads\/2025\/03\/immersive_8.jpg\" alt=\"immersive_8\" itemprop=\"image\" height=\"1545\" width=\"2000\" title=\"immersive_8\" onerror=\"this.style.display='none'\"  \/>","protected":false},"excerpt":{"rendered":"<p>Immersive Experiences Designing interactive, multimedia live events. Full-scale production from concept to execution. Custom experiential storytelling for brands &amp; IPs. Scenic design, technical innovation, and stagecraft. &nbsp;<\/p>","protected":false},"author":3,"featured_media":0,"parent":0,"menu_order":0,"comment_status":"closed","ping_status":"closed","template":"full-width-page.php","meta":{"footnotes":""},"class_list":["post-4391","page","type-page","status-publish","hentry"],"aioseo_notices":[],"jetpack_sharing_enabled":true,"_links":{"self":[{"href":"https:\/\/monlove.com\/fr\/wp-json\/wp\/v2\/pages\/4391","targetHints":{"allow":["GET"]}}],"collection":[{"href":"https:\/\/monlove.com\/fr\/wp-json\/wp\/v2\/pages"}],"about":[{"href":"https:\/\/monlove.com\/fr\/wp-json\/wp\/v2\/types\/page"}],"author":[{"embeddable":true,"href":"https:\/\/monlove.com\/fr\/wp-json\/wp\/v2\/users\/3"}],"replies":[{"embeddable":true,"href":"https:\/\/monlove.com\/fr\/wp-json\/wp\/v2\/comments?post=4391"}],"version-history":[{"count":8,"href":"https:\/\/monlove.com\/fr\/wp-json\/wp\/v2\/pages\/4391\/revisions"}],"predecessor-version":[{"id":4904,"href":"https:\/\/monlove.com\/fr\/wp-json\/wp\/v2\/pages\/4391\/revisions\/4904"}],"wp:attachment":[{"href":"https:\/\/monlove.com\/fr\/wp-json\/wp\/v2\/media?parent=4391"}],"curies":[{"name":"wp","href":"https:\/\/api.w.org\/{rel}","templated":true}]}}