{"id":4396,"date":"2025-03-04T11:24:31","date_gmt":"2025-03-04T16:24:31","guid":{"rendered":"https:\/\/monlove.com\/?page_id=4396"},"modified":"2025-05-16T16:26:12","modified_gmt":"2025-05-16T20:26:12","slug":"theatrical-productions","status":"publish","type":"page","link":"https:\/\/monlove.com\/fr\/theatrical-productions\/","title":{"rendered":"Theatrical Productions &#038; Touring Shows"},"content":{"rendered":"<p>Theatrical &amp; Touring<\/p>\n\t<p>Cr\u00e9ation de com\u00e9dies musicales, spectacles et exp\u00e9riences th\u00e9matiques originales.<\/p>\n<p>Licence et adaptation de propri\u00e9t\u00e9s intellectuelles renomm\u00e9es pour la sc\u00e8ne.<\/p>\n<p>Services d\u2019atelier de marionnettes.<\/p>\n<p>Conception sc\u00e9nographique, innovations techniques et arts de la sc\u00e8ne.<\/p>\n<p>Production compl\u00e8te, de la conception \u00e0 la r\u00e9alisation.<\/p>\n\t\t\t\t<img loading=\"lazy\" decoding=\"async\" src=\"https:\/\/monlove.com\/wp\/wp-content\/uploads\/2025\/03\/Live_1.jpg\" alt=\"Live_1\" itemprop=\"image\" height=\"1545\" width=\"2000\" title=\"Live_1\" onerror=\"this.style.display='none'\"  \/>\n\t\t\t\t<img loading=\"lazy\" decoding=\"async\" src=\"https:\/\/monlove.com\/wp\/wp-content\/uploads\/2025\/03\/Live_2.jpg\" alt=\"Live_2\" itemprop=\"image\" height=\"1545\" width=\"2000\" title=\"Live_2\" onerror=\"this.style.display='none'\"  \/>\n\t\t\t\t<img loading=\"lazy\" decoding=\"async\" src=\"https:\/\/monlove.com\/wp\/wp-content\/uploads\/2025\/03\/Live_3.jpg\" alt=\"Live_3\" itemprop=\"image\" height=\"1545\" width=\"2000\" title=\"Live_3\" onerror=\"this.style.display='none'\"  \/>\n\t\t\t\t<img loading=\"lazy\" decoding=\"async\" src=\"https:\/\/monlove.com\/wp\/wp-content\/uploads\/2025\/03\/Live_4.jpg\" alt=\"Live_4\" itemprop=\"image\" height=\"1545\" width=\"2000\" title=\"Live_4\" onerror=\"this.style.display='none'\"  \/>\n\t\t\t\t<img loading=\"lazy\" decoding=\"async\" src=\"https:\/\/monlove.com\/wp\/wp-content\/uploads\/2025\/03\/Live_5.jpg\" alt=\"Live_5\" itemprop=\"image\" height=\"1333\" width=\"2000\" title=\"Live_5\" onerror=\"this.style.display='none'\"  \/>\n\t\t\t\t<img loading=\"lazy\" decoding=\"async\" src=\"https:\/\/monlove.com\/wp\/wp-content\/uploads\/2025\/03\/Live_6.jpg\" alt=\"Live_6\" itemprop=\"image\" height=\"1125\" width=\"2000\" title=\"Live_6\" onerror=\"this.style.display='none'\"  \/>\n\t\t\t\t<img loading=\"lazy\" decoding=\"async\" src=\"https:\/\/monlove.com\/wp\/wp-content\/uploads\/2025\/03\/Live_8.jpg\" alt=\"Live_8\" itemprop=\"image\" height=\"1333\" width=\"2000\" title=\"Live_8\" onerror=\"this.style.display='none'\"  \/>\n\t\t\t\t<img loading=\"lazy\" decoding=\"async\" src=\"https:\/\/monlove.com\/wp\/wp-content\/uploads\/2025\/03\/Live_7.jpg\" alt=\"Live_7\" itemprop=\"image\" height=\"1125\" width=\"2000\" title=\"Live_7\" onerror=\"this.style.display='none'\"  \/>","protected":false},"excerpt":{"rendered":"<p>Theatrical &amp; Touring Producing original musicals, stage shows, and themed experiences. Licensing and adapting well-known IPs for live performances. Puppet shop services. Scenic design, technical innovation, and stagecraft. Full-scale production from concept to execution.<\/p>","protected":false},"author":3,"featured_media":0,"parent":0,"menu_order":0,"comment_status":"closed","ping_status":"closed","template":"full-width-page.php","meta":{"footnotes":""},"class_list":["post-4396","page","type-page","status-publish","hentry"],"aioseo_notices":[],"jetpack_sharing_enabled":true,"_links":{"self":[{"href":"https:\/\/monlove.com\/fr\/wp-json\/wp\/v2\/pages\/4396","targetHints":{"allow":["GET"]}}],"collection":[{"href":"https:\/\/monlove.com\/fr\/wp-json\/wp\/v2\/pages"}],"about":[{"href":"https:\/\/monlove.com\/fr\/wp-json\/wp\/v2\/types\/page"}],"author":[{"embeddable":true,"href":"https:\/\/monlove.com\/fr\/wp-json\/wp\/v2\/users\/3"}],"replies":[{"embeddable":true,"href":"https:\/\/monlove.com\/fr\/wp-json\/wp\/v2\/comments?post=4396"}],"version-history":[{"count":9,"href":"https:\/\/monlove.com\/fr\/wp-json\/wp\/v2\/pages\/4396\/revisions"}],"predecessor-version":[{"id":4907,"href":"https:\/\/monlove.com\/fr\/wp-json\/wp\/v2\/pages\/4396\/revisions\/4907"}],"wp:attachment":[{"href":"https:\/\/monlove.com\/fr\/wp-json\/wp\/v2\/media?parent=4396"}],"curies":[{"name":"wp","href":"https:\/\/api.w.org\/{rel}","templated":true}]}}