{"id":4400,"date":"2025-03-04T11:26:14","date_gmt":"2025-03-04T16:26:14","guid":{"rendered":"https:\/\/monlove.com\/?page_id=4400"},"modified":"2025-05-16T16:27:33","modified_gmt":"2025-05-16T20:27:33","slug":"film-series","status":"publish","type":"page","link":"https:\/\/monlove.com\/fr\/film-series\/","title":{"rendered":"Film &#038; Series Production"},"content":{"rendered":"<p>Films &amp; Series<\/p>\n\t<p>D\u00e9veloppement et production de films et s\u00e9ries t\u00e9l\u00e9vis\u00e9es.<\/p>\n<p>Sc\u00e9narisation, financement et production compl\u00e8te.<\/p>\n<p>Adaptation de propri\u00e9t\u00e9s intellectuelles pour le cin\u00e9ma et les plateformes de streaming.<\/p>\n\t\t\t\t<img loading=\"lazy\" decoding=\"async\" src=\"https:\/\/monlove.com\/wp\/wp-content\/uploads\/2025\/03\/FILM_10.jpg\" alt=\"FILM_10\" itemprop=\"image\" height=\"1545\" width=\"2000\" title=\"FILM_10\" onerror=\"this.style.display='none'\"  \/>\n\t\t\t\t<img loading=\"lazy\" decoding=\"async\" src=\"https:\/\/monlove.com\/wp\/wp-content\/uploads\/2025\/03\/Film_11.jpg\" alt=\"Film_11\" itemprop=\"image\" height=\"1545\" width=\"2000\" title=\"Film_11\" onerror=\"this.style.display='none'\"  \/>\n\t\t\t\t<img loading=\"lazy\" decoding=\"async\" src=\"https:\/\/monlove.com\/wp\/wp-content\/uploads\/2025\/03\/FILM_12.jpg\" alt=\"FILM_12\" itemprop=\"image\" height=\"1545\" width=\"2000\" title=\"FILM_12\" onerror=\"this.style.display='none'\"  \/>","protected":false},"excerpt":{"rendered":"<p>Films &amp; Series Developing and producing films and TV series. Scriptwriting, financing, and full-scale production. Adapting IPs for cinematic and streaming platforms.<\/p>","protected":false},"author":3,"featured_media":0,"parent":0,"menu_order":0,"comment_status":"closed","ping_status":"closed","template":"full-width-page.php","meta":{"footnotes":""},"class_list":["post-4400","page","type-page","status-publish","hentry"],"aioseo_notices":[],"jetpack_sharing_enabled":true,"_links":{"self":[{"href":"https:\/\/monlove.com\/fr\/wp-json\/wp\/v2\/pages\/4400","targetHints":{"allow":["GET"]}}],"collection":[{"href":"https:\/\/monlove.com\/fr\/wp-json\/wp\/v2\/pages"}],"about":[{"href":"https:\/\/monlove.com\/fr\/wp-json\/wp\/v2\/types\/page"}],"author":[{"embeddable":true,"href":"https:\/\/monlove.com\/fr\/wp-json\/wp\/v2\/users\/3"}],"replies":[{"embeddable":true,"href":"https:\/\/monlove.com\/fr\/wp-json\/wp\/v2\/comments?post=4400"}],"version-history":[{"count":7,"href":"https:\/\/monlove.com\/fr\/wp-json\/wp\/v2\/pages\/4400\/revisions"}],"predecessor-version":[{"id":4909,"href":"https:\/\/monlove.com\/fr\/wp-json\/wp\/v2\/pages\/4400\/revisions\/4909"}],"wp:attachment":[{"href":"https:\/\/monlove.com\/fr\/wp-json\/wp\/v2\/media?parent=4400"}],"curies":[{"name":"wp","href":"https:\/\/api.w.org\/{rel}","templated":true}]}}